{"id":1828,"date":"2026-05-11T14:34:29","date_gmt":"2026-05-11T12:34:29","guid":{"rendered":"https:\/\/www.proactif.lu\/videoueberwachung-24h-24h\/"},"modified":"2026-05-11T14:43:06","modified_gmt":"2026-05-11T12:43:06","slug":"videoueberwachung-24h-24h","status":"publish","type":"page","link":"https:\/\/www.proactif.lu\/de\/videoueberwachung-24h-24h\/","title":{"rendered":"Video\u00fcberwachung 24h\/24h"},"content":{"rendered":"\n<h2 class=\"wp-block-heading\">Verantwortlicher f\u00fcr die Datenverarbeitung<\/h2>\n\n<ul class=\"wp-block-list\">\n<li>ProActif SIS S.\u00e0 r.l.<\/li>\n\n\n\n<li>5, rue L\u00e4iteschbaach<\/li>\n\n\n\n<li>L-5324 Contern<\/li>\n<\/ul>\n\n<h2 class=\"wp-block-heading\">Zweck(e) der Video\u00fcberwachung :<\/h2>\n\n<p>Diese Einrichtung steht unter Video\u00fcberwachung, um die Sicherheit von Personen, Eigentum und Abl\u00e4ufen zu gew\u00e4hrleisten.<\/p>\n\n<h2 class=\"wp-block-heading\">Weitere Informationen : <\/h2>\n\n<p>Die vollst\u00e4ndige Richtlinie zur Video\u00fcberwachung ist auf einfache Anfrage an der Rezeption erh\u00e4ltlich.<\/p>\n\n<h2 class=\"wp-block-heading\">Speicherdauer : <\/h2>\n\n<p>Die Bilder werden 8 Tage lang gespeichert, au\u00dfer im Falle eines Vorfalls, der eine Auswertung und Aufbewahrung der Bilder f\u00fcr die Dauer des Verfahrens erforderlich macht. <\/p>\n\n<p>Die Bilder k\u00f6nnen von befugtem Personal von ProActif und, sofern erforderlich, von den Ordnungskr\u00e4ften eingesehen werden.<\/p>\n\n<h2 class=\"wp-block-heading\">Ihre Rechte :<\/h2>\n\n<p>Gem\u00e4\u00df der Datenschutz-Grundverordnung (DSGVO) verf\u00fcgen Sie \u00fcber Rechte, die es Ihnen erm\u00f6glichen, die Nutzung Ihrer personenbezogenen Daten zu kontrollieren.<\/p>\n\n<p>Zur Aus\u00fcbung Ihrer Rechte oder f\u00fcr weitere Informationen k\u00f6nnen Sie unseren Datenschutzbeauftragten (DPO) unter folgender Adresse kontaktieren : <a href=\"dpo@proactif.lu\">dpo@proactif.lu<\/a> <\/p>\n","protected":false},"excerpt":{"rendered":"<p>Verantwortlicher f\u00fcr die Datenverarbeitung Zweck(e) der Video\u00fcberwachung : Diese Einrichtung steht unter Video\u00fcberwachung, um die Sicherheit von Personen, Eigentum und Abl\u00e4ufen zu gew\u00e4hrleisten. Weitere Informationen : Die vollst\u00e4ndige Richtlinie zur Video\u00fcberwachung ist auf einfache Anfrage an der Rezeption erh\u00e4ltlich. Speicherdauer : Die Bilder werden 8 Tage lang gespeichert, au\u00dfer im Falle eines Vorfalls, der eine [&hellip;]<\/p>\n","protected":false},"author":3,"featured_media":0,"parent":0,"menu_order":0,"comment_status":"closed","ping_status":"closed","template":"","meta":{"_acf_changed":false,"inline_featured_image":false,"footnotes":""},"class_list":["post-1828","page","type-page","status-publish","hentry"],"acf":[],"yoast_head":"<!-- This site is optimized with the Yoast SEO plugin v27.3 - https:\/\/yoast.com\/product\/yoast-seo-wordpress\/ -->\n<title>Video\u00fcberwachung 24h\/24h - ProActif<\/title>\n<meta name=\"robots\" content=\"index, follow, max-snippet:-1, max-image-preview:large, max-video-preview:-1\" \/>\n<link rel=\"canonical\" href=\"https:\/\/www.proactif.lu\/de\/videoueberwachung-24h-24h\/\" \/>\n<meta property=\"og:locale\" content=\"de_DE\" \/>\n<meta property=\"og:type\" content=\"article\" \/>\n<meta property=\"og:title\" content=\"Video\u00fcberwachung 24h\/24h - ProActif\" \/>\n<meta property=\"og:description\" content=\"Verantwortlicher f\u00fcr die Datenverarbeitung Zweck(e) der Video\u00fcberwachung : Diese Einrichtung steht unter Video\u00fcberwachung, um die Sicherheit von Personen, Eigentum und Abl\u00e4ufen zu gew\u00e4hrleisten. Weitere Informationen : Die vollst\u00e4ndige Richtlinie zur Video\u00fcberwachung ist auf einfache Anfrage an der Rezeption erh\u00e4ltlich. Speicherdauer : Die Bilder werden 8 Tage lang gespeichert, au\u00dfer im Falle eines Vorfalls, der eine [&hellip;]\" \/>\n<meta property=\"og:url\" content=\"https:\/\/www.proactif.lu\/de\/videoueberwachung-24h-24h\/\" \/>\n<meta property=\"og:site_name\" content=\"ProActif\" \/>\n<meta property=\"article:modified_time\" content=\"2026-05-11T12:43:06+00:00\" \/>\n<meta name=\"twitter:card\" content=\"summary_large_image\" \/>\n<meta name=\"twitter:label1\" content=\"Gesch\u00e4tzte Lesezeit\" \/>\n\t<meta name=\"twitter:data1\" content=\"1\u00a0Minute\" \/>\n<script type=\"application\/ld+json\" class=\"yoast-schema-graph\">{\"@context\":\"https:\\\/\\\/schema.org\",\"@graph\":[{\"@type\":\"WebPage\",\"@id\":\"https:\\\/\\\/www.proactif.lu\\\/de\\\/videoueberwachung-24h-24h\\\/\",\"url\":\"https:\\\/\\\/www.proactif.lu\\\/de\\\/videoueberwachung-24h-24h\\\/\",\"name\":\"Video\u00fcberwachung 24h\\\/24h - ProActif\",\"isPartOf\":{\"@id\":\"https:\\\/\\\/www.proactif.lu\\\/de\\\/#website\"},\"datePublished\":\"2026-05-11T12:34:29+00:00\",\"dateModified\":\"2026-05-11T12:43:06+00:00\",\"breadcrumb\":{\"@id\":\"https:\\\/\\\/www.proactif.lu\\\/de\\\/videoueberwachung-24h-24h\\\/#breadcrumb\"},\"inLanguage\":\"de\",\"potentialAction\":[{\"@type\":\"ReadAction\",\"target\":[\"https:\\\/\\\/www.proactif.lu\\\/de\\\/videoueberwachung-24h-24h\\\/\"]}]},{\"@type\":\"BreadcrumbList\",\"@id\":\"https:\\\/\\\/www.proactif.lu\\\/de\\\/videoueberwachung-24h-24h\\\/#breadcrumb\",\"itemListElement\":[{\"@type\":\"ListItem\",\"position\":1,\"name\":\"Accueil\",\"item\":\"https:\\\/\\\/www.proactif.lu\\\/de\\\/\"},{\"@type\":\"ListItem\",\"position\":2,\"name\":\"Video\u00fcberwachung 24h\\\/24h\"}]},{\"@type\":\"WebSite\",\"@id\":\"https:\\\/\\\/www.proactif.lu\\\/de\\\/#website\",\"url\":\"https:\\\/\\\/www.proactif.lu\\\/de\\\/\",\"name\":\"ProActif\",\"description\":\"R\u00e9insertion professionnelle et services de qualit\u00e9 au Luxembourg\",\"publisher\":{\"@id\":\"https:\\\/\\\/www.proactif.lu\\\/de\\\/#organization\"},\"potentialAction\":[{\"@type\":\"SearchAction\",\"target\":{\"@type\":\"EntryPoint\",\"urlTemplate\":\"https:\\\/\\\/www.proactif.lu\\\/de\\\/?s={search_term_string}\"},\"query-input\":{\"@type\":\"PropertyValueSpecification\",\"valueRequired\":true,\"valueName\":\"search_term_string\"}}],\"inLanguage\":\"de\"},{\"@type\":\"Organization\",\"@id\":\"https:\\\/\\\/www.proactif.lu\\\/de\\\/#organization\",\"name\":\"ProActif\",\"url\":\"https:\\\/\\\/www.proactif.lu\\\/de\\\/\",\"logo\":{\"@type\":\"ImageObject\",\"inLanguage\":\"de\",\"@id\":\"https:\\\/\\\/www.proactif.lu\\\/de\\\/#\\\/schema\\\/logo\\\/image\\\/\",\"url\":\"https:\\\/\\\/www.proactif.lu\\\/wp-content\\\/uploads\\\/2025\\\/02\\\/proactif-icon.svg\",\"contentUrl\":\"https:\\\/\\\/www.proactif.lu\\\/wp-content\\\/uploads\\\/2025\\\/02\\\/proactif-icon.svg\",\"caption\":\"ProActif\"},\"image\":{\"@id\":\"https:\\\/\\\/www.proactif.lu\\\/de\\\/#\\\/schema\\\/logo\\\/image\\\/\"}}]}<\/script>\n<!-- \/ Yoast SEO plugin. -->","yoast_head_json":{"title":"Video\u00fcberwachung 24h\/24h - ProActif","robots":{"index":"index","follow":"follow","max-snippet":"max-snippet:-1","max-image-preview":"max-image-preview:large","max-video-preview":"max-video-preview:-1"},"canonical":"https:\/\/www.proactif.lu\/de\/videoueberwachung-24h-24h\/","og_locale":"de_DE","og_type":"article","og_title":"Video\u00fcberwachung 24h\/24h - ProActif","og_description":"Verantwortlicher f\u00fcr die Datenverarbeitung Zweck(e) der Video\u00fcberwachung : Diese Einrichtung steht unter Video\u00fcberwachung, um die Sicherheit von Personen, Eigentum und Abl\u00e4ufen zu gew\u00e4hrleisten. Weitere Informationen : Die vollst\u00e4ndige Richtlinie zur Video\u00fcberwachung ist auf einfache Anfrage an der Rezeption erh\u00e4ltlich. Speicherdauer : Die Bilder werden 8 Tage lang gespeichert, au\u00dfer im Falle eines Vorfalls, der eine [&hellip;]","og_url":"https:\/\/www.proactif.lu\/de\/videoueberwachung-24h-24h\/","og_site_name":"ProActif","article_modified_time":"2026-05-11T12:43:06+00:00","twitter_card":"summary_large_image","twitter_misc":{"Gesch\u00e4tzte Lesezeit":"1\u00a0Minute"},"schema":{"@context":"https:\/\/schema.org","@graph":[{"@type":"WebPage","@id":"https:\/\/www.proactif.lu\/de\/videoueberwachung-24h-24h\/","url":"https:\/\/www.proactif.lu\/de\/videoueberwachung-24h-24h\/","name":"Video\u00fcberwachung 24h\/24h - ProActif","isPartOf":{"@id":"https:\/\/www.proactif.lu\/de\/#website"},"datePublished":"2026-05-11T12:34:29+00:00","dateModified":"2026-05-11T12:43:06+00:00","breadcrumb":{"@id":"https:\/\/www.proactif.lu\/de\/videoueberwachung-24h-24h\/#breadcrumb"},"inLanguage":"de","potentialAction":[{"@type":"ReadAction","target":["https:\/\/www.proactif.lu\/de\/videoueberwachung-24h-24h\/"]}]},{"@type":"BreadcrumbList","@id":"https:\/\/www.proactif.lu\/de\/videoueberwachung-24h-24h\/#breadcrumb","itemListElement":[{"@type":"ListItem","position":1,"name":"Accueil","item":"https:\/\/www.proactif.lu\/de\/"},{"@type":"ListItem","position":2,"name":"Video\u00fcberwachung 24h\/24h"}]},{"@type":"WebSite","@id":"https:\/\/www.proactif.lu\/de\/#website","url":"https:\/\/www.proactif.lu\/de\/","name":"ProActif","description":"R\u00e9insertion professionnelle et services de qualit\u00e9 au Luxembourg","publisher":{"@id":"https:\/\/www.proactif.lu\/de\/#organization"},"potentialAction":[{"@type":"SearchAction","target":{"@type":"EntryPoint","urlTemplate":"https:\/\/www.proactif.lu\/de\/?s={search_term_string}"},"query-input":{"@type":"PropertyValueSpecification","valueRequired":true,"valueName":"search_term_string"}}],"inLanguage":"de"},{"@type":"Organization","@id":"https:\/\/www.proactif.lu\/de\/#organization","name":"ProActif","url":"https:\/\/www.proactif.lu\/de\/","logo":{"@type":"ImageObject","inLanguage":"de","@id":"https:\/\/www.proactif.lu\/de\/#\/schema\/logo\/image\/","url":"https:\/\/www.proactif.lu\/wp-content\/uploads\/2025\/02\/proactif-icon.svg","contentUrl":"https:\/\/www.proactif.lu\/wp-content\/uploads\/2025\/02\/proactif-icon.svg","caption":"ProActif"},"image":{"@id":"https:\/\/www.proactif.lu\/de\/#\/schema\/logo\/image\/"}}]}},"_links":{"self":[{"href":"https:\/\/www.proactif.lu\/de\/wp-json\/wp\/v2\/pages\/1828","targetHints":{"allow":["GET"]}}],"collection":[{"href":"https:\/\/www.proactif.lu\/de\/wp-json\/wp\/v2\/pages"}],"about":[{"href":"https:\/\/www.proactif.lu\/de\/wp-json\/wp\/v2\/types\/page"}],"author":[{"embeddable":true,"href":"https:\/\/www.proactif.lu\/de\/wp-json\/wp\/v2\/users\/3"}],"replies":[{"embeddable":true,"href":"https:\/\/www.proactif.lu\/de\/wp-json\/wp\/v2\/comments?post=1828"}],"version-history":[{"count":1,"href":"https:\/\/www.proactif.lu\/de\/wp-json\/wp\/v2\/pages\/1828\/revisions"}],"predecessor-version":[{"id":1829,"href":"https:\/\/www.proactif.lu\/de\/wp-json\/wp\/v2\/pages\/1828\/revisions\/1829"}],"wp:attachment":[{"href":"https:\/\/www.proactif.lu\/de\/wp-json\/wp\/v2\/media?parent=1828"}],"curies":[{"name":"wp","href":"https:\/\/api.w.org\/{rel}","templated":true}]}}