{"id":896,"date":"2025-05-06T15:28:48","date_gmt":"2025-05-06T13:28:48","guid":{"rendered":"https:\/\/proactif.octopix.dev\/wer-sind-wir\/"},"modified":"2025-08-06T12:10:25","modified_gmt":"2025-08-06T10:10:25","slug":"wer-sind-wir","status":"publish","type":"page","link":"https:\/\/www.proactif.lu\/de\/wer-sind-wir\/","title":{"rendered":"Wer sind wir?"},"content":{"rendered":"\n<p>ProActif wurde 1998 gegr\u00fcndet und verf\u00fcgt \u00fcber mehr als 25 Jahre Erfahrung in verschiedenen handwerklichen Berufen.<\/p>\n\n<p>Unser sozial ausgerichtetes Unternehmen bietet Menschen, die am Rand des Arbeitsmarktes stehen, eine neue M\u00f6glichkeit f\u00fcr den beruflichen Wiedereinstieg.<\/p>\n\n<p>Um ihnen eine echte Chance auf Wiedereingliederung zu geben, bieten wir Ihnen verschiedene Jobs an. Diese werden von den Beg\u00fcnstigten unserer ProActif-Initiative in Zusammenarbeit mit unserem Expertenteam durchgef\u00fchrt.<\/p>\n\n<p>Wenn Sie sich f\u00fcr eine Zusammenarbeit mit uns entscheiden, unterst\u00fctzen Sie einerseits unser soziales Ziel und geben andererseits unseren Beg\u00fcnstigten die M\u00f6glichkeit, sich durch praktische Arbeit auf professionellem Niveau weiterzubilden.<\/p>\n\n<p><\/p>\n","protected":false},"excerpt":{"rendered":"<p>ProActif wurde 1998 gegr\u00fcndet und verf\u00fcgt \u00fcber mehr als 25 Jahre Erfahrung in verschiedenen handwerklichen Berufen. Unser sozial ausgerichtetes Unternehmen bietet Menschen, die am Rand des Arbeitsmarktes stehen, eine neue M\u00f6glichkeit f\u00fcr den beruflichen Wiedereinstieg. Um ihnen eine echte Chance auf Wiedereingliederung zu geben, bieten wir Ihnen verschiedene Jobs an. Diese werden von den Beg\u00fcnstigten [&hellip;]<\/p>\n","protected":false},"author":1,"featured_media":0,"parent":0,"menu_order":0,"comment_status":"closed","ping_status":"closed","template":"","meta":{"_acf_changed":false,"inline_featured_image":false,"footnotes":""},"class_list":["post-896","page","type-page","status-publish","hentry"],"acf":[],"yoast_head":"<!-- This site is optimized with the Yoast SEO plugin v27.3 - https:\/\/yoast.com\/product\/yoast-seo-wordpress\/ -->\n<title>Wer sind wir? - ProActif<\/title>\n<meta name=\"robots\" content=\"index, follow, max-snippet:-1, max-image-preview:large, max-video-preview:-1\" \/>\n<link rel=\"canonical\" href=\"https:\/\/www.proactif.lu\/de\/wer-sind-wir\/\" \/>\n<meta property=\"og:locale\" content=\"de_DE\" \/>\n<meta property=\"og:type\" content=\"article\" \/>\n<meta property=\"og:title\" content=\"Wer sind wir? - ProActif\" \/>\n<meta property=\"og:description\" content=\"ProActif wurde 1998 gegr\u00fcndet und verf\u00fcgt \u00fcber mehr als 25 Jahre Erfahrung in verschiedenen handwerklichen Berufen. Unser sozial ausgerichtetes Unternehmen bietet Menschen, die am Rand des Arbeitsmarktes stehen, eine neue M\u00f6glichkeit f\u00fcr den beruflichen Wiedereinstieg. Um ihnen eine echte Chance auf Wiedereingliederung zu geben, bieten wir Ihnen verschiedene Jobs an. Diese werden von den Beg\u00fcnstigten [&hellip;]\" \/>\n<meta property=\"og:url\" content=\"https:\/\/www.proactif.lu\/de\/wer-sind-wir\/\" \/>\n<meta property=\"og:site_name\" content=\"ProActif\" \/>\n<meta property=\"article:modified_time\" content=\"2025-08-06T10:10:25+00:00\" \/>\n<meta name=\"twitter:card\" content=\"summary_large_image\" \/>\n<meta name=\"twitter:label1\" content=\"Gesch\u00e4tzte Lesezeit\" \/>\n\t<meta name=\"twitter:data1\" content=\"1\u00a0Minute\" \/>\n<script type=\"application\/ld+json\" class=\"yoast-schema-graph\">{\"@context\":\"https:\\\/\\\/schema.org\",\"@graph\":[{\"@type\":\"WebPage\",\"@id\":\"https:\\\/\\\/www.proactif.lu\\\/de\\\/wer-sind-wir\\\/\",\"url\":\"https:\\\/\\\/www.proactif.lu\\\/de\\\/wer-sind-wir\\\/\",\"name\":\"Wer sind wir? - ProActif\",\"isPartOf\":{\"@id\":\"https:\\\/\\\/www.proactif.lu\\\/de\\\/#website\"},\"datePublished\":\"2025-05-06T13:28:48+00:00\",\"dateModified\":\"2025-08-06T10:10:25+00:00\",\"breadcrumb\":{\"@id\":\"https:\\\/\\\/www.proactif.lu\\\/de\\\/wer-sind-wir\\\/#breadcrumb\"},\"inLanguage\":\"de\",\"potentialAction\":[{\"@type\":\"ReadAction\",\"target\":[\"https:\\\/\\\/www.proactif.lu\\\/de\\\/wer-sind-wir\\\/\"]}]},{\"@type\":\"BreadcrumbList\",\"@id\":\"https:\\\/\\\/www.proactif.lu\\\/de\\\/wer-sind-wir\\\/#breadcrumb\",\"itemListElement\":[{\"@type\":\"ListItem\",\"position\":1,\"name\":\"Accueil\",\"item\":\"https:\\\/\\\/www.proactif.lu\\\/de\\\/\"},{\"@type\":\"ListItem\",\"position\":2,\"name\":\"Wer sind wir?\"}]},{\"@type\":\"WebSite\",\"@id\":\"https:\\\/\\\/www.proactif.lu\\\/de\\\/#website\",\"url\":\"https:\\\/\\\/www.proactif.lu\\\/de\\\/\",\"name\":\"ProActif\",\"description\":\"R\u00e9insertion professionnelle et services de qualit\u00e9 au Luxembourg\",\"publisher\":{\"@id\":\"https:\\\/\\\/www.proactif.lu\\\/de\\\/#organization\"},\"potentialAction\":[{\"@type\":\"SearchAction\",\"target\":{\"@type\":\"EntryPoint\",\"urlTemplate\":\"https:\\\/\\\/www.proactif.lu\\\/de\\\/?s={search_term_string}\"},\"query-input\":{\"@type\":\"PropertyValueSpecification\",\"valueRequired\":true,\"valueName\":\"search_term_string\"}}],\"inLanguage\":\"de\"},{\"@type\":\"Organization\",\"@id\":\"https:\\\/\\\/www.proactif.lu\\\/de\\\/#organization\",\"name\":\"ProActif\",\"url\":\"https:\\\/\\\/www.proactif.lu\\\/de\\\/\",\"logo\":{\"@type\":\"ImageObject\",\"inLanguage\":\"de\",\"@id\":\"https:\\\/\\\/www.proactif.lu\\\/de\\\/#\\\/schema\\\/logo\\\/image\\\/\",\"url\":\"https:\\\/\\\/www.proactif.lu\\\/wp-content\\\/uploads\\\/2025\\\/02\\\/proactif-icon.svg\",\"contentUrl\":\"https:\\\/\\\/www.proactif.lu\\\/wp-content\\\/uploads\\\/2025\\\/02\\\/proactif-icon.svg\",\"caption\":\"ProActif\"},\"image\":{\"@id\":\"https:\\\/\\\/www.proactif.lu\\\/de\\\/#\\\/schema\\\/logo\\\/image\\\/\"}}]}<\/script>\n<!-- \/ Yoast SEO plugin. -->","yoast_head_json":{"title":"Wer sind wir? - ProActif","robots":{"index":"index","follow":"follow","max-snippet":"max-snippet:-1","max-image-preview":"max-image-preview:large","max-video-preview":"max-video-preview:-1"},"canonical":"https:\/\/www.proactif.lu\/de\/wer-sind-wir\/","og_locale":"de_DE","og_type":"article","og_title":"Wer sind wir? - ProActif","og_description":"ProActif wurde 1998 gegr\u00fcndet und verf\u00fcgt \u00fcber mehr als 25 Jahre Erfahrung in verschiedenen handwerklichen Berufen. Unser sozial ausgerichtetes Unternehmen bietet Menschen, die am Rand des Arbeitsmarktes stehen, eine neue M\u00f6glichkeit f\u00fcr den beruflichen Wiedereinstieg. Um ihnen eine echte Chance auf Wiedereingliederung zu geben, bieten wir Ihnen verschiedene Jobs an. Diese werden von den Beg\u00fcnstigten [&hellip;]","og_url":"https:\/\/www.proactif.lu\/de\/wer-sind-wir\/","og_site_name":"ProActif","article_modified_time":"2025-08-06T10:10:25+00:00","twitter_card":"summary_large_image","twitter_misc":{"Gesch\u00e4tzte Lesezeit":"1\u00a0Minute"},"schema":{"@context":"https:\/\/schema.org","@graph":[{"@type":"WebPage","@id":"https:\/\/www.proactif.lu\/de\/wer-sind-wir\/","url":"https:\/\/www.proactif.lu\/de\/wer-sind-wir\/","name":"Wer sind wir? - ProActif","isPartOf":{"@id":"https:\/\/www.proactif.lu\/de\/#website"},"datePublished":"2025-05-06T13:28:48+00:00","dateModified":"2025-08-06T10:10:25+00:00","breadcrumb":{"@id":"https:\/\/www.proactif.lu\/de\/wer-sind-wir\/#breadcrumb"},"inLanguage":"de","potentialAction":[{"@type":"ReadAction","target":["https:\/\/www.proactif.lu\/de\/wer-sind-wir\/"]}]},{"@type":"BreadcrumbList","@id":"https:\/\/www.proactif.lu\/de\/wer-sind-wir\/#breadcrumb","itemListElement":[{"@type":"ListItem","position":1,"name":"Accueil","item":"https:\/\/www.proactif.lu\/de\/"},{"@type":"ListItem","position":2,"name":"Wer sind wir?"}]},{"@type":"WebSite","@id":"https:\/\/www.proactif.lu\/de\/#website","url":"https:\/\/www.proactif.lu\/de\/","name":"ProActif","description":"R\u00e9insertion professionnelle et services de qualit\u00e9 au Luxembourg","publisher":{"@id":"https:\/\/www.proactif.lu\/de\/#organization"},"potentialAction":[{"@type":"SearchAction","target":{"@type":"EntryPoint","urlTemplate":"https:\/\/www.proactif.lu\/de\/?s={search_term_string}"},"query-input":{"@type":"PropertyValueSpecification","valueRequired":true,"valueName":"search_term_string"}}],"inLanguage":"de"},{"@type":"Organization","@id":"https:\/\/www.proactif.lu\/de\/#organization","name":"ProActif","url":"https:\/\/www.proactif.lu\/de\/","logo":{"@type":"ImageObject","inLanguage":"de","@id":"https:\/\/www.proactif.lu\/de\/#\/schema\/logo\/image\/","url":"https:\/\/www.proactif.lu\/wp-content\/uploads\/2025\/02\/proactif-icon.svg","contentUrl":"https:\/\/www.proactif.lu\/wp-content\/uploads\/2025\/02\/proactif-icon.svg","caption":"ProActif"},"image":{"@id":"https:\/\/www.proactif.lu\/de\/#\/schema\/logo\/image\/"}}]}},"_links":{"self":[{"href":"https:\/\/www.proactif.lu\/de\/wp-json\/wp\/v2\/pages\/896","targetHints":{"allow":["GET"]}}],"collection":[{"href":"https:\/\/www.proactif.lu\/de\/wp-json\/wp\/v2\/pages"}],"about":[{"href":"https:\/\/www.proactif.lu\/de\/wp-json\/wp\/v2\/types\/page"}],"author":[{"embeddable":true,"href":"https:\/\/www.proactif.lu\/de\/wp-json\/wp\/v2\/users\/1"}],"replies":[{"embeddable":true,"href":"https:\/\/www.proactif.lu\/de\/wp-json\/wp\/v2\/comments?post=896"}],"version-history":[{"count":3,"href":"https:\/\/www.proactif.lu\/de\/wp-json\/wp\/v2\/pages\/896\/revisions"}],"predecessor-version":[{"id":1472,"href":"https:\/\/www.proactif.lu\/de\/wp-json\/wp\/v2\/pages\/896\/revisions\/1472"}],"wp:attachment":[{"href":"https:\/\/www.proactif.lu\/de\/wp-json\/wp\/v2\/media?parent=896"}],"curies":[{"name":"wp","href":"https:\/\/api.w.org\/{rel}","templated":true}]}}