{"id":1206,"date":"2025-05-19T12:55:49","date_gmt":"2025-05-19T10:55:49","guid":{"rendered":"https:\/\/proactif.octopix.dev\/?post_type=product&#038;p=1206"},"modified":"2025-05-26T14:48:41","modified_gmt":"2025-05-26T12:48:41","slug":"tisch-bank","status":"publish","type":"product","link":"https:\/\/www.proactif.lu\/de\/?post_type=product&p=1206","title":{"rendered":"Tisch &amp; Bank"},"content":{"rendered":"\n<p><strong>Tisch:<\/strong> Breite: 80 cm \u0387 L\u00e4nge: 180 cm \u0387 H\u00f6he: 75 cm<\/p>\n\n<p><strong>Bank:<\/strong> Breite: 40 cm \u0387 L\u00e4nge: 160 cm \u0387 H\u00f6he: 45 cm<\/p>\n\n<p>Im Sommer ist die Mitte der Terrasse unbestreitbar der Treffpunkt f\u00fcr Familie und Freunde, der Tisch ist<strong> DAS<\/strong> zentrale Gartenm\u00f6bel.<\/p>\n\n<p>Unser Tisch wurde mit geschlossenen Stirnseiten konstruiert. So entsteht ein interessanter Gartentisch, der durch sein grafisches Design spannende Akzente auf jeder Terrasse setzt.<\/p>\n\n<p>Die Gartenbank gestalten wir in Anlehnung an unseren Gartentisch mit geschlossenen Stirnseiten. Durch die Verwendung von 40 mm Holz \u2013 Bohlen f\u00fcr Sitzfl\u00e4che und Seiten bietet sie ebenfalls eine \u00e4u\u00dferst stabile Konstruktion. Mit einer Sitzh\u00f6he von 45 cm passt sie perfekt zum Gartentisch und ist mit oder ohne Polster sehr bequem.<\/p>\n\n<p><strong>Der Clou:<\/strong> Die Gartenbank fertigen wir 20 cm k\u00fcrzer als den dazugeh\u00f6rigen Gartentisch. So lassen sich die Gartenb\u00e4nke \u201eplatzsparend\u201c unter dem Tisch verstauen.<\/p>\n\n<p><strong>Hergestellt aus Douglasienholz<\/strong><\/p>\n","protected":false},"template":"","meta":{"_acf_changed":false,"inline_featured_image":false},"product-category":[28,46],"class_list":["post-1206","product","type-product","status-publish","hentry","product-category-holz-fur-den-garten-und-die-terrasse","product-category-terrasse-de"],"acf":[],"yoast_head":"<!-- This site is optimized with the Yoast SEO plugin v27.3 - https:\/\/yoast.com\/product\/yoast-seo-wordpress\/ -->\n<title>Tisch &amp; Bank - ProActif<\/title>\n<meta name=\"robots\" content=\"index, follow, max-snippet:-1, max-image-preview:large, max-video-preview:-1\" \/>\n<link rel=\"canonical\" href=\"https:\/\/www.proactif.lu\/de\/?post_type=product&p=1206\" \/>\n<meta property=\"og:locale\" content=\"de_DE\" \/>\n<meta property=\"og:type\" content=\"article\" \/>\n<meta property=\"og:title\" content=\"Tisch &amp; Bank - ProActif\" \/>\n<meta property=\"og:description\" content=\"Tisch: Breite: 80 cm \u0387 L\u00e4nge: 180 cm \u0387 H\u00f6he: 75 cm Bank: Breite: 40 cm \u0387 L\u00e4nge: 160 cm \u0387 H\u00f6he: 45 cm Im Sommer ist die Mitte der Terrasse unbestreitbar der Treffpunkt f\u00fcr Familie und Freunde, der Tisch ist DAS zentrale Gartenm\u00f6bel. Unser Tisch wurde mit geschlossenen Stirnseiten konstruiert. So entsteht ein interessanter [&hellip;]\" \/>\n<meta property=\"og:url\" content=\"https:\/\/www.proactif.lu\/de\/?post_type=product&amp;p=1206\" \/>\n<meta property=\"og:site_name\" content=\"ProActif\" \/>\n<meta property=\"article:modified_time\" content=\"2025-05-26T12:48:41+00:00\" \/>\n<meta name=\"twitter:card\" content=\"summary_large_image\" \/>\n<meta name=\"twitter:label1\" content=\"Gesch\u00e4tzte Lesezeit\" \/>\n\t<meta name=\"twitter:data1\" content=\"1\u00a0Minute\" \/>\n<script type=\"application\/ld+json\" class=\"yoast-schema-graph\">{\"@context\":\"https:\\\/\\\/schema.org\",\"@graph\":[{\"@type\":\"WebPage\",\"@id\":\"https:\\\/\\\/www.proactif.lu\\\/de\\\/?post_type=product&p=1206\",\"url\":\"https:\\\/\\\/www.proactif.lu\\\/de\\\/?post_type=product&p=1206\",\"name\":\"Tisch &amp; Bank - ProActif\",\"isPartOf\":{\"@id\":\"https:\\\/\\\/www.proactif.lu\\\/de\\\/#website\"},\"datePublished\":\"2025-05-19T10:55:49+00:00\",\"dateModified\":\"2025-05-26T12:48:41+00:00\",\"breadcrumb\":{\"@id\":\"https:\\\/\\\/www.proactif.lu\\\/de\\\/?post_type=product&p=1206#breadcrumb\"},\"inLanguage\":\"de\",\"potentialAction\":[{\"@type\":\"ReadAction\",\"target\":[\"https:\\\/\\\/www.proactif.lu\\\/de\\\/?post_type=product&p=1206\"]}]},{\"@type\":\"BreadcrumbList\",\"@id\":\"https:\\\/\\\/www.proactif.lu\\\/de\\\/?post_type=product&p=1206#breadcrumb\",\"itemListElement\":[{\"@type\":\"ListItem\",\"position\":1,\"name\":\"Accueil\",\"item\":\"https:\\\/\\\/www.proactif.lu\\\/de\\\/\"},{\"@type\":\"ListItem\",\"position\":2,\"name\":\"Tisch &amp; Bank\"}]},{\"@type\":\"WebSite\",\"@id\":\"https:\\\/\\\/www.proactif.lu\\\/de\\\/#website\",\"url\":\"https:\\\/\\\/www.proactif.lu\\\/de\\\/\",\"name\":\"ProActif\",\"description\":\"R\u00e9insertion professionnelle et services de qualit\u00e9 au Luxembourg\",\"publisher\":{\"@id\":\"https:\\\/\\\/www.proactif.lu\\\/de\\\/#organization\"},\"potentialAction\":[{\"@type\":\"SearchAction\",\"target\":{\"@type\":\"EntryPoint\",\"urlTemplate\":\"https:\\\/\\\/www.proactif.lu\\\/de\\\/?s={search_term_string}\"},\"query-input\":{\"@type\":\"PropertyValueSpecification\",\"valueRequired\":true,\"valueName\":\"search_term_string\"}}],\"inLanguage\":\"de\"},{\"@type\":\"Organization\",\"@id\":\"https:\\\/\\\/www.proactif.lu\\\/de\\\/#organization\",\"name\":\"ProActif\",\"url\":\"https:\\\/\\\/www.proactif.lu\\\/de\\\/\",\"logo\":{\"@type\":\"ImageObject\",\"inLanguage\":\"de\",\"@id\":\"https:\\\/\\\/www.proactif.lu\\\/de\\\/#\\\/schema\\\/logo\\\/image\\\/\",\"url\":\"https:\\\/\\\/www.proactif.lu\\\/wp-content\\\/uploads\\\/2025\\\/02\\\/proactif-icon.svg\",\"contentUrl\":\"https:\\\/\\\/www.proactif.lu\\\/wp-content\\\/uploads\\\/2025\\\/02\\\/proactif-icon.svg\",\"caption\":\"ProActif\"},\"image\":{\"@id\":\"https:\\\/\\\/www.proactif.lu\\\/de\\\/#\\\/schema\\\/logo\\\/image\\\/\"}}]}<\/script>\n<!-- \/ Yoast SEO plugin. -->","yoast_head_json":{"title":"Tisch &amp; Bank - ProActif","robots":{"index":"index","follow":"follow","max-snippet":"max-snippet:-1","max-image-preview":"max-image-preview:large","max-video-preview":"max-video-preview:-1"},"canonical":"https:\/\/www.proactif.lu\/de\/?post_type=product&p=1206","og_locale":"de_DE","og_type":"article","og_title":"Tisch &amp; Bank - ProActif","og_description":"Tisch: Breite: 80 cm \u0387 L\u00e4nge: 180 cm \u0387 H\u00f6he: 75 cm Bank: Breite: 40 cm \u0387 L\u00e4nge: 160 cm \u0387 H\u00f6he: 45 cm Im Sommer ist die Mitte der Terrasse unbestreitbar der Treffpunkt f\u00fcr Familie und Freunde, der Tisch ist DAS zentrale Gartenm\u00f6bel. Unser Tisch wurde mit geschlossenen Stirnseiten konstruiert. So entsteht ein interessanter [&hellip;]","og_url":"https:\/\/www.proactif.lu\/de\/?post_type=product&p=1206","og_site_name":"ProActif","article_modified_time":"2025-05-26T12:48:41+00:00","twitter_card":"summary_large_image","twitter_misc":{"Gesch\u00e4tzte Lesezeit":"1\u00a0Minute"},"schema":{"@context":"https:\/\/schema.org","@graph":[{"@type":"WebPage","@id":"https:\/\/www.proactif.lu\/de\/?post_type=product&p=1206","url":"https:\/\/www.proactif.lu\/de\/?post_type=product&p=1206","name":"Tisch &amp; Bank - ProActif","isPartOf":{"@id":"https:\/\/www.proactif.lu\/de\/#website"},"datePublished":"2025-05-19T10:55:49+00:00","dateModified":"2025-05-26T12:48:41+00:00","breadcrumb":{"@id":"https:\/\/www.proactif.lu\/de\/?post_type=product&p=1206#breadcrumb"},"inLanguage":"de","potentialAction":[{"@type":"ReadAction","target":["https:\/\/www.proactif.lu\/de\/?post_type=product&p=1206"]}]},{"@type":"BreadcrumbList","@id":"https:\/\/www.proactif.lu\/de\/?post_type=product&p=1206#breadcrumb","itemListElement":[{"@type":"ListItem","position":1,"name":"Accueil","item":"https:\/\/www.proactif.lu\/de\/"},{"@type":"ListItem","position":2,"name":"Tisch &amp; Bank"}]},{"@type":"WebSite","@id":"https:\/\/www.proactif.lu\/de\/#website","url":"https:\/\/www.proactif.lu\/de\/","name":"ProActif","description":"R\u00e9insertion professionnelle et services de qualit\u00e9 au Luxembourg","publisher":{"@id":"https:\/\/www.proactif.lu\/de\/#organization"},"potentialAction":[{"@type":"SearchAction","target":{"@type":"EntryPoint","urlTemplate":"https:\/\/www.proactif.lu\/de\/?s={search_term_string}"},"query-input":{"@type":"PropertyValueSpecification","valueRequired":true,"valueName":"search_term_string"}}],"inLanguage":"de"},{"@type":"Organization","@id":"https:\/\/www.proactif.lu\/de\/#organization","name":"ProActif","url":"https:\/\/www.proactif.lu\/de\/","logo":{"@type":"ImageObject","inLanguage":"de","@id":"https:\/\/www.proactif.lu\/de\/#\/schema\/logo\/image\/","url":"https:\/\/www.proactif.lu\/wp-content\/uploads\/2025\/02\/proactif-icon.svg","contentUrl":"https:\/\/www.proactif.lu\/wp-content\/uploads\/2025\/02\/proactif-icon.svg","caption":"ProActif"},"image":{"@id":"https:\/\/www.proactif.lu\/de\/#\/schema\/logo\/image\/"}}]}},"_links":{"self":[{"href":"https:\/\/www.proactif.lu\/de\/wp-json\/wp\/v2\/product\/1206","targetHints":{"allow":["GET"]}}],"collection":[{"href":"https:\/\/www.proactif.lu\/de\/wp-json\/wp\/v2\/product"}],"about":[{"href":"https:\/\/www.proactif.lu\/de\/wp-json\/wp\/v2\/types\/product"}],"wp:attachment":[{"href":"https:\/\/www.proactif.lu\/de\/wp-json\/wp\/v2\/media?parent=1206"}],"wp:term":[{"taxonomy":"product-category","embeddable":true,"href":"https:\/\/www.proactif.lu\/de\/wp-json\/wp\/v2\/product-category?post=1206"}],"curies":[{"name":"wp","href":"https:\/\/api.w.org\/{rel}","templated":true}]}}