{"id":1244,"date":"2025-02-24T14:21:58","date_gmt":"2025-02-24T13:21:58","guid":{"rendered":"https:\/\/proactif.octopix.dev\/protection-des-donnes\/"},"modified":"2026-03-31T09:35:44","modified_gmt":"2026-03-31T07:35:44","slug":"protection-des-donnes","status":"publish","type":"page","link":"https:\/\/www.proactif.lu\/lu\/protection-des-donnes\/","title":{"rendered":"Richtlinien zum Schutz pers\u00f6nlicher Daten"},"content":{"rendered":"\n<p><strong>ProActif SIS S.\u00e0 r.l.<\/strong><br\/>Handelsregisternummer : B 90598<br\/>Rechtsform : Gesellschaft mit beschr\u00e4nkter Haftung nach luxemburgischem Recht<br\/>Gr\u00fcndungsdatum : 2022<br\/>Hauptsitz : 5, rue L\u00e4iteschbaach, L-5324 Contern<br\/>Telefon : +352 27 33 44-1<\/p>\n\n<p>ProActif SIS S.\u00e0 r.l. (im Folgenden \u201eProActif\u201c) respektiert die Privatsph\u00e4re seiner Interessengruppen und h\u00e4lt sich strikt an die geltenden Gesetze zum Schutz der Privatsph\u00e4re und der individuellen Freiheiten. Der Zweck dieser Richtlinie zum Schutz personenbezogener Daten besteht darin, Sie \u00fcber die Bedingungen zu informieren, unter denen Ihre personenbezogenen Daten erhoben und verarbeitet werden, wenn Sie auf der unten folgenden Adresse zug\u00e4nglichen Website surfen: www.proactif.lu (nachfolgend \u201edie Website\u201c). <\/p>\n\n<p>\u201ePersonenbezogene Daten\u201c sind alle Informationen, die sich auf eine identifizierte oder identifizierbare nat\u00fcrliche Person beziehen; als \u201eidentifizierbare nat\u00fcrliche Person\u201c wird eine nat\u00fcrliche Person angesehen, die direkt oder indirekt, insbesondere mittels Zuordnung zu einer Kennung wie einem Namen, zu einer Kennnummer, zu Standortdaten, zu einer Online-Kennung oder zu einem oder mehreren spezifischeren Elemente, die f\u00fcr seine physische, physiologische, genetische, psychologische, wirtschaftliche, kulturelle oder soziale Identit\u00e4t spezifisch sind.<\/p>\n\n<h2 class=\"wp-block-heading\">1. Welche personenbezogenen Daten werden voraussichtlich verarbeitet und zu welchem Zweck?<\/h2>\n\n<p>Bei der Nutzung bestimmter auf der Website angebotener Dienste k\u00f6nnen Ihre personenbezogenen Daten erhoben und verarbeitet werden.<\/p>\n\n<p><strong>Formular<\/strong><\/p>\n\n<p>In \u00dcbereinstimmung mit den Bestimmungen der Verordnung Nr. 2016\/679, die als DatenschutzGrundverordnung (DSGVO) bekannt ist und seit dem 25. Mai 2018 gilt, werden die auf den auf der Website vorhandenen Formularen gesammelten Informationen in Computerdateien gespeichert und ordnungsgem\u00e4\u00df als sichere Protokolle gespeichert, um die Wiederaufnahme des Kontakts zu erm\u00f6glichen. Die auf den Formularen erhobenen personenbezogenen Daten werden per E-Mail an die zust\u00e4ndigen Dienste von ProActif \u00fcbermittelt und sind der alleinigen Nutzung dieser Dienste vorbehalten. <\/p>\n\n<p>Diese Daten werden so lange aufbewahrt, wie sie f\u00fcr die Erf\u00fcllung der oben genannten Zwecke erforderlich sind, und werden nur in dem Umfang erfasst, der erforderlich ist, um Ihnen zu antworten.<br\/><\/p>\n\n<p>Der Zugriff auf diese Daten ist strikt auf Mitarbeiter von ProActif beschr\u00e4nkt, die direkt oder indirekt in den Prozess der Bearbeitung Ihrer Anfragen eingreifen, sowie auf von ProActif zu diesem Zweck beauftragte Personen oder Unternehmen. Diese Daten werden in keinem Fall an Dritte weitergegeben. <\/p>\n\n<h2 class=\"wp-block-heading\">2. Werden von ProActif Cookies oder andere Indikatoren verwendet?<\/h2>\n\n<p>Die Website verwendet Kunden-Cookies sowie ein Tracking-System.<\/p>\n\n<p><strong>a. Cookie-Verwaltung <\/strong><\/p>\n\n<p>Die Website kann Kunden-Cookies verwenden, die die Analyse von Informationen in Bezug auf die Navigation des Benutzers erm\u00f6glichen. Ein Cookie ist eine Textdatei, die von Ihrem Browser in einem bestimmten Bereich Ihres Computers gespeichert wird, wenn Sie eine Website besuchen. Diese Datei erm\u00f6glicht es der Person, die sie hinterlegt hat, unter keinen Umst\u00e4nden, auf Ihrer Festplatte gespeicherte Informationen oder pers\u00f6nliche Informationen zu erhalten.  <\/p>\n\n<p>Im Allgemeinen dient der Einsatz von Cookies dazu, unser Angebot zu verbessern und effizienter zu gestalten.<\/p>\n\n<p>Unsere Website verwendet Cookies, um ihr Publikum zu messen und basierend auf statistischen Informationen, die auf Navigationsrouten gesammelt wurden, ihre Zug\u00e4nglichkeit zu verbessern. Sie werden von dieser Seite auf Ihrem Computer abgelegt. Sie enthalten insbesondere den Namen des Servers, der sie erstellt hat, eine Kennung in Form einer eindeutigen Nummer und ein Ablaufdatum.  <\/p>\n\n<p>Sie k\u00f6nnen selbst entscheiden, ob die Website berechtigt ist, Cookies auf Ihrem Computer zu speichern. Andererseits haben Sie jederzeit die M\u00f6glichkeit, Ihre Browseroptionen so einzustellen, dass Cookies nicht akzeptiert und gespeichert werden. <\/p>\n\n<p>Auch bereits gespeicherte Cookies k\u00f6nnen Sie jederzeit \u00fcber den Browser l\u00f6schen. Die Nutzung bestimmter Funktionalit\u00e4ten dieses Portals kann keinesfalls eingeschr\u00e4nkt oder deaktiviert werden, wenn der Nutzer Cookies ablehnt. <\/p>\n\n<p><strong>b. Tracking-System <\/strong><\/p>\n\n<p>Um unseren Service zu verbessern, erheben wir \u201eTracking-Daten\u201c. Diese geben Aufschluss \u00fcber Ihr Verhalten auf unserer Seite. Diese Tracking-Daten erlauben uns nicht, Sie zu identifizieren.  <\/p>\n\n<p>Das verwendete Tracking-System ist : Google Analytics<\/p>\n\n<p>Sie haben die M\u00f6glichkeit, der Erfassung und Verarbeitung dieser Daten durch Google Analytics zu widersprechen, indem Sie ein Opt-Out-Cookie setzen, das die zuk\u00fcnftige Erfassung Ihrer Daten beim Besuch dieser Website verhindert: https:\/\/tools.google.com\/dlpage\/gaoptout?hl=de<\/p>\n\n<p>Weitere Informationen finden Sie in der Datenschutzerkl\u00e4rung von Google Analytics.<\/p>\n\n<h2 class=\"wp-block-heading\">3. Welche Rechte haben Sie in Bezug auf Ihre personenbezogenen Daten?<\/h2>\n\n<p>Unter der DSGVO haben Sie eine Reihe von Rechten.<\/p>\n\n<p><strong>a. Zugangsgenehmigung <\/strong><\/p>\n\n<p>Sie haben das Recht, von ProActif eine Best\u00e4tigung dar\u00fcber zu verlangen, ob Ihre betreffenden personenbezogenen Daten verarbeitet werden oder nicht, und, falls dies der Fall ist, Auskunft \u00fcber diese personenbezogenen Daten sowie die folgenden Informationen zu erhalten:<\/p>\n\n<ul class=\"wp-block-list\">\n<li>Die Kategorien der erhobenen und verarbeiteten personenbezogenen Daten;<\/li>\n\n\n\n<li>Die Zwecke ihrer Verarbeitung;<\/li>\n\n\n\n<li>Die Kategorien von Empf\u00e4ngern, denen die personenbezogenen Daten \u00fcbermittelt wurden oder voraussichtlich \u00fcbermittelt werden;<\/li>\n\n\n\n<li>Die Aufbewahrungsfrist f\u00fcr personenbezogene Daten;<\/li>\n\n\n\n<li>Informationen \u00fcber Ihre Rechte in Bezug auf Ihre personenbezogenen Daten.<\/li>\n<\/ul>\n\n<p><br\/><strong>b. Widerspruchsrecht <\/strong><br\/><br\/>Sie k\u00f6nnen aus legitimen Gr\u00fcnden jeder Verarbeitung Ihrer personenbezogenen Daten widersprechen. Daher verarbeitet ProActif Ihre personenbezogenen Daten nicht mehr, es sei denn, es werden schutzw\u00fcrdige und zwingende Gr\u00fcnde f\u00fcr die Verarbeitung nachgewiesen, die die Interessen, Rechte und Freiheiten der betroffenen Person \u00fcberwiegen, oder die Verarbeitung dient der Beachtung, Aus\u00fcbung oder Verteidigung von Rechtsanspr\u00fcchen. <br\/><br\/><strong>c. Recht auf Berichtigung <\/strong><br\/><br\/>Sie haben die M\u00f6glichkeit, die Berichtigung Ihrer personenbezogenen Daten zu verlangen, wenn diese sich als ungenau, unvollst\u00e4ndig oder veraltet erweisen.<br\/><br\/><strong>d. Recht auf Vergessenwerden <\/strong><br\/><br\/>Sie k\u00f6nnen die L\u00f6schung Ihrer personenbezogenen Daten verlangen. Dieses Recht ist jedoch nicht absolut und kann mit dem berechtigten Interesse des f\u00fcr die Datenverarbeitung Verantwortlichen oder mit den gesetzlichen Verpflichtungen, denen dieser unterliegt, in Konflikt geraten. <br\/><strong><br\/>e. Recht auf Einschr\u00e4nkung der Verarbeitung <\/strong><br\/><br\/>Sie k\u00f6nnen von ProActif verlangen, dass Sie betreffende personenbezogene Daten, die unrichtig, unvollst\u00e4ndig, missverst\u00e4ndlich, veraltet sind oder deren Erhebung, Nutzung, \u00dcbermittlung oder Speicherung untersagt ist, je nach Fall gesperrt oder gesperrt werden.<br\/><strong><br\/>f. Recht auf Daten\u00fcbertragbarkeit <\/strong><\/p>\n\n<p>Sie haben das Recht, Ihre von ProActif erhobenen oder verarbeiteten personenbezogenen Daten in einem strukturierten, g\u00e4ngigen und maschinenlesbaren Format zu erhalten, und das Recht, diese Daten an einen anderen Verantwortlichen zu \u00fcbermitteln, ohne diese an ProActif zu kommunizieren.<\/p>\n\n<h2 class=\"wp-block-heading\">4. An wen kann ich mich bei einem Rechtsstreit oder Fragen wenden ?<\/h2>\n\n<p>Wenn Sie beabsichtigen, diese Rechte auszu\u00fcben, wenden Sie sich bitte an den Datenschutz- und Compliance-Beauftragten von ProActif :<br\/><br\/><strong>Postanschrift:<\/strong><br\/>LuxGap S.\u00e0 r.l.<br\/>2, rue de l\u2019\u00c9cole<br\/>L-8376 Kahler<br\/><strong><br\/>Telefon:<\/strong> +352 621 583 116<br\/><br\/>ProActif SIS S.\u00e0 r.l. | 5, rue L\u00e4iteschbaach L-5324 Contern | T. +352 27 33 44-1 | www.proactif.lu<\/p>\n\n<p><strong>Email: <\/strong>dpo@luxgap.com<br\/><br\/>Dar\u00fcber hinaus haben Sie die M\u00f6glichkeit, eine Beschwerde bei der Nationalen Datenschutzkommission (CNPD) einzureichen.<br\/><br\/><strong>Postanschrift:<\/strong> 1, Avenue du Rock&#8217;n&#8217;Roll, L-4361 Esch-sur-Alzette<br\/><strong>Telefon:<\/strong> +352 26 10 60 -1<\/p>\n\n<h2 class=\"wp-block-heading\">5. Quels plugiciels sociaux sont utilis\u00e9s par ProActif ?<\/h2>\n\n<p>Die Seite integriert eine Vielzahl von Social Plug-Ins.<br\/><br\/><strong>a. Facebook <\/strong><br\/><br\/>Auf der Seite sind Social Plugins (nachfolgend Plugins) des sozialen Netzwerkes Facebook integriert, das von der Facebook Inc., 1601 S. California Ave, Palo Alto, CA 94304, USA betrieben wird (nachfolgend bezeichnet als \u201eFacebook\u201c). Eine \u00dcbersicht \u00fcber die Facebook-Plugins finden Sie hier: http:\/\/developers.facebook.com\/docs\/plugins<br\/><br\/>Wenn Sie unsere Seiten besuchen, wird \u00fcber das Plugin eine direkte Verbindung zwischen Ihrem Browser und dem Facebook-Server hergestellt. Facebook erh\u00e4lt dadurch die Information, dass Sie mit Ihrer IP-Adresse unsere Seite besucht haben. <\/p>\n\n<p>Wenn Sie den Facebook-Button anklicken w\u00e4hrend Sie in Ihrem Facebook-Account eingeloggt sind, k\u00f6nnen Sie die Inhalte unserer Seiten auf Ihrem Facebook-Profil verlinken. Dadurch kann Facebook den Besuch unserer Seiten Ihrem Benutzerkonto zuordnen. <\/p>\n\n<p>Als Seitenanbieter erhalten wir keine Kenntnis vom Inhalt der \u00fcbermittelten Daten sowie deren Nutzung durch Facebook.<\/p>\n\n<p>Weitere Informationen finden Sie in der Datenschutzerkl\u00e4rung von Facebook unter https:\/\/www.facebook.com\/about\/privacy\/ .<\/p>\n\n<p>Wenn Sie nicht m\u00f6chten, dass Facebook den Besuch unserer Seiten Ihrem FacebookBenutzerkonto zuordnet, m\u00fcssen Sie sich aus Ihrem Facebook-Benutzerkonto ausloggen. Sie k\u00f6nnen das Laden von Facebook-Plug-Ins auch durch \u201eAdd-On\u201c-Plug-Ins, z. B. Facebook Blocker, komplett durch Ihren Server blockieren. <\/p>\n\n<h2 class=\"wp-block-heading\">6. Welche Ma\u00dfnahmen werden ergriffen, um den Schutz Ihrer personenbezogenen Daten zu gew\u00e4hrleisten?<\/h2>\n\n<p>ProActif trifft die geeigneten technischen und organisatorischen Ma\u00dfnahmen zur Verarbeitung personenbezogener Daten, um ein dem Risiko angepasstes Sicherheitsniveau zu gew\u00e4hrleisten. Dar\u00fcber hinaus verpflichtet sich ProActif, seine Sicherheitsma\u00dfnahmen entsprechend der technologischen Entwicklung st\u00e4ndig zu verbessern. <\/p>\n\n<p><strong>Benachrichtigung im Falle einer Verletzung des Schutzes personenbezogener Daten<\/strong><\/p>\n\n<p>Im Falle einer Verletzung des Schutzes personenbezogener Daten meldet ProActif die betreffende Verletzung der zust\u00e4ndigen Aufsichtsbeh\u00f6rde gem\u00e4\u00df Artikel 55 der DSGVO so bald wie m\u00f6glich und, wenn m\u00f6glich, sp\u00e4testens 72 Stunden nach Kenntniserlangung, es sei denn, die betreffende Verletzung stellt voraussichtlich kein Risiko f\u00fcr die Rechte und Freiheiten einer nat\u00fcrlichen Person dar. Wenn die Meldung an die Aufsichtsbeh\u00f6rde nicht innerhalb von 72 Stunden erfolgt, sind ihr die Gr\u00fcnde f\u00fcr die Verz\u00f6gerung beizuf\u00fcgen.  Wenn andererseits eine Verletzung personenbezogener Daten wahrscheinlich ein hohes Risiko f\u00fcr die Rechte und Freiheiten einer nat\u00fcrlichen Person darstellt, teilt ProActif der betroffenen Person so schnell wie m\u00f6glich \u00fcber die Verletzung personenbezogener Daten mit. <\/p>\n\n<p>Hergestellt in Contern, Juli 2025<\/p>\n\n<p><\/p>\n","protected":false},"excerpt":{"rendered":"<p>ProActif SIS S.\u00e0 r.l.Handelsregisternummer : B 90598Rechtsform : Gesellschaft mit beschr\u00e4nkter Haftung nach luxemburgischem RechtGr\u00fcndungsdatum : 2022Hauptsitz : 5, rue L\u00e4iteschbaach, L-5324 ConternTelefon : +352 27 33 44-1 ProActif SIS S.\u00e0 r.l. (im Folgenden \u201eProActif\u201c) respektiert die Privatsph\u00e4re seiner Interessengruppen und h\u00e4lt sich strikt an die geltenden Gesetze zum Schutz der Privatsph\u00e4re und der individuellen [&hellip;]<\/p>\n","protected":false},"author":1,"featured_media":0,"parent":0,"menu_order":0,"comment_status":"closed","ping_status":"open","template":"","meta":{"_acf_changed":false,"inline_featured_image":false,"footnotes":""},"class_list":["post-1244","page","type-page","status-publish","hentry"],"acf":[],"yoast_head":"<!-- This site is optimized with the Yoast SEO plugin v27.3 - https:\/\/yoast.com\/product\/yoast-seo-wordpress\/ -->\n<title>Richtlinien zum Schutz pers\u00f6nlicher Daten - ProActif<\/title>\n<meta name=\"robots\" content=\"index, follow, max-snippet:-1, max-image-preview:large, max-video-preview:-1\" \/>\n<link rel=\"canonical\" href=\"https:\/\/www.proactif.lu\/lu\/protection-des-donnes\/\" \/>\n<meta property=\"og:locale\" content=\"en_US\" \/>\n<meta property=\"og:type\" content=\"article\" \/>\n<meta property=\"og:title\" content=\"Richtlinien zum Schutz pers\u00f6nlicher Daten - ProActif\" \/>\n<meta property=\"og:description\" content=\"ProActif SIS S.\u00e0 r.l.Handelsregisternummer : B 90598Rechtsform : Gesellschaft mit beschr\u00e4nkter Haftung nach luxemburgischem RechtGr\u00fcndungsdatum : 2022Hauptsitz : 5, rue L\u00e4iteschbaach, L-5324 ConternTelefon : +352 27 33 44-1 ProActif SIS S.\u00e0 r.l. (im Folgenden \u201eProActif\u201c) respektiert die Privatsph\u00e4re seiner Interessengruppen und h\u00e4lt sich strikt an die geltenden Gesetze zum Schutz der Privatsph\u00e4re und der individuellen [&hellip;]\" \/>\n<meta property=\"og:url\" content=\"https:\/\/www.proactif.lu\/lu\/protection-des-donnes\/\" \/>\n<meta property=\"og:site_name\" content=\"ProActif\" \/>\n<meta property=\"article:modified_time\" content=\"2026-03-31T07:35:44+00:00\" \/>\n<meta name=\"twitter:card\" content=\"summary_large_image\" \/>\n<meta name=\"twitter:label1\" content=\"Est. reading time\" \/>\n\t<meta name=\"twitter:data1\" content=\"9 minutes\" \/>\n<script type=\"application\/ld+json\" class=\"yoast-schema-graph\">{\"@context\":\"https:\\\/\\\/schema.org\",\"@graph\":[{\"@type\":\"WebPage\",\"@id\":\"https:\\\/\\\/www.proactif.lu\\\/lu\\\/protection-des-donnes\\\/\",\"url\":\"https:\\\/\\\/www.proactif.lu\\\/lu\\\/protection-des-donnes\\\/\",\"name\":\"Richtlinien zum Schutz pers\u00f6nlicher Daten - ProActif\",\"isPartOf\":{\"@id\":\"https:\\\/\\\/www.proactif.lu\\\/lu\\\/#website\"},\"datePublished\":\"2025-02-24T13:21:58+00:00\",\"dateModified\":\"2026-03-31T07:35:44+00:00\",\"breadcrumb\":{\"@id\":\"https:\\\/\\\/www.proactif.lu\\\/lu\\\/protection-des-donnes\\\/#breadcrumb\"},\"inLanguage\":\"lb-LU\",\"potentialAction\":[{\"@type\":\"ReadAction\",\"target\":[\"https:\\\/\\\/www.proactif.lu\\\/lu\\\/protection-des-donnes\\\/\"]}]},{\"@type\":\"BreadcrumbList\",\"@id\":\"https:\\\/\\\/www.proactif.lu\\\/lu\\\/protection-des-donnes\\\/#breadcrumb\",\"itemListElement\":[{\"@type\":\"ListItem\",\"position\":1,\"name\":\"Accueil\",\"item\":\"https:\\\/\\\/www.proactif.lu\\\/lu\\\/\"},{\"@type\":\"ListItem\",\"position\":2,\"name\":\"Richtlinien zum Schutz pers\u00f6nlicher Daten\"}]},{\"@type\":\"WebSite\",\"@id\":\"https:\\\/\\\/www.proactif.lu\\\/lu\\\/#website\",\"url\":\"https:\\\/\\\/www.proactif.lu\\\/lu\\\/\",\"name\":\"ProActif\",\"description\":\"R\u00e9insertion professionnelle et services de qualit\u00e9 au Luxembourg\",\"publisher\":{\"@id\":\"https:\\\/\\\/www.proactif.lu\\\/lu\\\/#organization\"},\"potentialAction\":[{\"@type\":\"SearchAction\",\"target\":{\"@type\":\"EntryPoint\",\"urlTemplate\":\"https:\\\/\\\/www.proactif.lu\\\/lu\\\/?s={search_term_string}\"},\"query-input\":{\"@type\":\"PropertyValueSpecification\",\"valueRequired\":true,\"valueName\":\"search_term_string\"}}],\"inLanguage\":\"lb-LU\"},{\"@type\":\"Organization\",\"@id\":\"https:\\\/\\\/www.proactif.lu\\\/lu\\\/#organization\",\"name\":\"ProActif\",\"url\":\"https:\\\/\\\/www.proactif.lu\\\/lu\\\/\",\"logo\":{\"@type\":\"ImageObject\",\"inLanguage\":\"lb-LU\",\"@id\":\"https:\\\/\\\/www.proactif.lu\\\/lu\\\/#\\\/schema\\\/logo\\\/image\\\/\",\"url\":\"https:\\\/\\\/www.proactif.lu\\\/wp-content\\\/uploads\\\/2025\\\/02\\\/proactif-icon.svg\",\"contentUrl\":\"https:\\\/\\\/www.proactif.lu\\\/wp-content\\\/uploads\\\/2025\\\/02\\\/proactif-icon.svg\",\"caption\":\"ProActif\"},\"image\":{\"@id\":\"https:\\\/\\\/www.proactif.lu\\\/lu\\\/#\\\/schema\\\/logo\\\/image\\\/\"}}]}<\/script>\n<!-- \/ Yoast SEO plugin. -->","yoast_head_json":{"title":"Richtlinien zum Schutz pers\u00f6nlicher Daten - ProActif","robots":{"index":"index","follow":"follow","max-snippet":"max-snippet:-1","max-image-preview":"max-image-preview:large","max-video-preview":"max-video-preview:-1"},"canonical":"https:\/\/www.proactif.lu\/lu\/protection-des-donnes\/","og_locale":"en_US","og_type":"article","og_title":"Richtlinien zum Schutz pers\u00f6nlicher Daten - ProActif","og_description":"ProActif SIS S.\u00e0 r.l.Handelsregisternummer : B 90598Rechtsform : Gesellschaft mit beschr\u00e4nkter Haftung nach luxemburgischem RechtGr\u00fcndungsdatum : 2022Hauptsitz : 5, rue L\u00e4iteschbaach, L-5324 ConternTelefon : +352 27 33 44-1 ProActif SIS S.\u00e0 r.l. (im Folgenden \u201eProActif\u201c) respektiert die Privatsph\u00e4re seiner Interessengruppen und h\u00e4lt sich strikt an die geltenden Gesetze zum Schutz der Privatsph\u00e4re und der individuellen [&hellip;]","og_url":"https:\/\/www.proactif.lu\/lu\/protection-des-donnes\/","og_site_name":"ProActif","article_modified_time":"2026-03-31T07:35:44+00:00","twitter_card":"summary_large_image","twitter_misc":{"Est. reading time":"9 minutes"},"schema":{"@context":"https:\/\/schema.org","@graph":[{"@type":"WebPage","@id":"https:\/\/www.proactif.lu\/lu\/protection-des-donnes\/","url":"https:\/\/www.proactif.lu\/lu\/protection-des-donnes\/","name":"Richtlinien zum Schutz pers\u00f6nlicher Daten - ProActif","isPartOf":{"@id":"https:\/\/www.proactif.lu\/lu\/#website"},"datePublished":"2025-02-24T13:21:58+00:00","dateModified":"2026-03-31T07:35:44+00:00","breadcrumb":{"@id":"https:\/\/www.proactif.lu\/lu\/protection-des-donnes\/#breadcrumb"},"inLanguage":"lb-LU","potentialAction":[{"@type":"ReadAction","target":["https:\/\/www.proactif.lu\/lu\/protection-des-donnes\/"]}]},{"@type":"BreadcrumbList","@id":"https:\/\/www.proactif.lu\/lu\/protection-des-donnes\/#breadcrumb","itemListElement":[{"@type":"ListItem","position":1,"name":"Accueil","item":"https:\/\/www.proactif.lu\/lu\/"},{"@type":"ListItem","position":2,"name":"Richtlinien zum Schutz pers\u00f6nlicher Daten"}]},{"@type":"WebSite","@id":"https:\/\/www.proactif.lu\/lu\/#website","url":"https:\/\/www.proactif.lu\/lu\/","name":"ProActif","description":"R\u00e9insertion professionnelle et services de qualit\u00e9 au Luxembourg","publisher":{"@id":"https:\/\/www.proactif.lu\/lu\/#organization"},"potentialAction":[{"@type":"SearchAction","target":{"@type":"EntryPoint","urlTemplate":"https:\/\/www.proactif.lu\/lu\/?s={search_term_string}"},"query-input":{"@type":"PropertyValueSpecification","valueRequired":true,"valueName":"search_term_string"}}],"inLanguage":"lb-LU"},{"@type":"Organization","@id":"https:\/\/www.proactif.lu\/lu\/#organization","name":"ProActif","url":"https:\/\/www.proactif.lu\/lu\/","logo":{"@type":"ImageObject","inLanguage":"lb-LU","@id":"https:\/\/www.proactif.lu\/lu\/#\/schema\/logo\/image\/","url":"https:\/\/www.proactif.lu\/wp-content\/uploads\/2025\/02\/proactif-icon.svg","contentUrl":"https:\/\/www.proactif.lu\/wp-content\/uploads\/2025\/02\/proactif-icon.svg","caption":"ProActif"},"image":{"@id":"https:\/\/www.proactif.lu\/lu\/#\/schema\/logo\/image\/"}}]}},"_links":{"self":[{"href":"https:\/\/www.proactif.lu\/lu\/wp-json\/wp\/v2\/pages\/1244","targetHints":{"allow":["GET"]}}],"collection":[{"href":"https:\/\/www.proactif.lu\/lu\/wp-json\/wp\/v2\/pages"}],"about":[{"href":"https:\/\/www.proactif.lu\/lu\/wp-json\/wp\/v2\/types\/page"}],"author":[{"embeddable":true,"href":"https:\/\/www.proactif.lu\/lu\/wp-json\/wp\/v2\/users\/1"}],"replies":[{"embeddable":true,"href":"https:\/\/www.proactif.lu\/lu\/wp-json\/wp\/v2\/comments?post=1244"}],"version-history":[{"count":4,"href":"https:\/\/www.proactif.lu\/lu\/wp-json\/wp\/v2\/pages\/1244\/revisions"}],"predecessor-version":[{"id":1735,"href":"https:\/\/www.proactif.lu\/lu\/wp-json\/wp\/v2\/pages\/1244\/revisions\/1735"}],"wp:attachment":[{"href":"https:\/\/www.proactif.lu\/lu\/wp-json\/wp\/v2\/media?parent=1244"}],"curies":[{"name":"wp","href":"https:\/\/api.w.org\/{rel}","templated":true}]}}