{"id":1560,"date":"2026-01-13T15:55:42","date_gmt":"2026-01-13T14:55:42","guid":{"rendered":"https:\/\/www.proactif.lu\/erklarung-zur-accessibiliteit\/"},"modified":"2026-01-13T16:35:35","modified_gmt":"2026-01-13T15:35:35","slug":"erklarung-zur-accessibiliteit","status":"publish","type":"page","link":"https:\/\/www.proactif.lu\/lu\/erklarung-zur-accessibiliteit\/","title":{"rendered":"Erkl\u00e4rung zur Accessibilit\u00e9it"},"content":{"rendered":"\n<p>D\u2019Organisatioun \u201eProActif SIS S.\u00e0 r.l.\u201c verpflicht sech, hir Webs\u00e4it accessibel ze gestalten, am Aklang mam <a href=\"https:\/\/legilux.public.lu\/eli\/etat\/leg\/loi\/2019\/05\/28\/a373\/jo\">Gesetz vum 28. Mee 2019<\/a> iwwer d\u2019Accessibilit\u00e9it vu Webs\u00e4iten a mobillen Applikatioune vun \u00ebffentlechen Instituter. D\u00ebs Erkl\u00e4rung zur Accessibilit\u00e9it g\u00ebllt fir: <a href=\"https:\/\/www.proactif.lu\/lu\/\">https:\/\/www.proactif.lu\/<\/a> <\/p>\n\n<h2 class=\"wp-block-heading\">Wat ass eng digital Accessibilit\u00e9it?<\/h2>\n\n<p>Jidderee soll d\u2019Informatiounen, d\u00e9i op enger Webs\u00e4it oder an enger Applikatioun enthale sinn, einfach benotze k\u00ebnnen, besonnesch Persoune mat Beh\u00ebnnerungen an\/oder Persounen, d\u00e9i eng \u00ebnnerst\u00ebtzend Software oder speziell H\u00ebllefsm\u00ebttel benotzen (z.\u202fB. visuell, auditiv, kierperlech oder kognitiv Beantr\u00e4chtegungen).<\/p>\n\n<h2 class=\"wp-block-heading\">Stand vun der Konformit\u00e9it<\/h2>\n\n<p>D\u00ebs Webs\u00e4it ass deelweis konform laut der europ\u00e4escher Norm <a href=\"https:\/\/www.etsi.org\/deliver\/etsi_en\/301500_301599\/301549\/03.02.01_60\/en_301549v030201p.pdf\">EN 301 549<\/a> souw\u00e9i dem <a href=\"https:\/\/accessibilite.public.lu\/fr\/raweb1\/\">Referenzkader zur Bew\u00e4ertung vun der Web-Accessibilit\u00e9it (RAWeb) v1<\/a>, deen d\u00ebs Norm \u00ebmsetzt, opgrond vun den opgel\u00ebschte Punkten hei \u00ebnnendr\u00ebnner.<\/p>\n\n<h2 class=\"wp-block-heading\">Net accessibel Inhalter<\/h2>\n\n<p>D\u2019Inhalter, d\u00e9i \u00ebnnendr\u00ebnner opgel\u00ebscht sinn, si w\u00e9inst de follgende Gr\u00ebnn net accessibel:<\/p>\n\n<h3 class=\"wp-block-heading\">Net-Konformit\u00e9iten<\/h3>\n\n<ul class=\"wp-block-list\">\n<li>[1.2] Mindestens een dekorativ\u2019t Bild g\u00ebtt vun enger spezieller \u00cbnnerst\u00ebtzungssoftware ber\u00fccksichtegt.<\/li>\n\n\n\n<li>[1.3] D\u2019Textalternativ vu mindestens engem informative Bild ass net relevant.<\/li>\n\n\n\n<li>[2.1] Mindestens eng Rumm (iframe) huet keen Titel.<\/li>\n\n\n\n<li>[3.2] Mindestens een Text huet net genuch Kontrast.<\/li>\n\n\n\n<li>[3.3] Mindestens eng grafesch Komponent, d\u00e9i eng Informatioun verm\u00ebttelt, huet net genuch Kontrast.<\/li>\n\n\n\n<li>[4.11] Mindestens e Multimedia-Player ass net iwwer d\u2019Tastatur oder en aneren Dispositif steierbar.<\/li>\n\n\n\n<li>[6.1] Mindestens e Link huet kee pertinenten Titel.<\/li>\n\n\n\n<li>[6.2] Mindestens e Link huet keng Beschreiwung.<\/li>\n\n\n\n<li>[7.1] Mindestens eng JavaScript-Funktioun ass net mat enger spezieller \u00cbnnerst\u00ebtzungssoftware kompatibel oder benotzt onpassend ARIA-Eegenschaften.<\/li>\n\n\n\n<li>[7.3] Mindestens eng JavaScript-Funktioun ass net iwwer d\u2019Tastatur oder en aneren Dispositif steierbar.<\/li>\n\n\n\n<li>[8.7] Mindestens e Sproochwiessel ass net gekennzeechent.<\/li>\n\n\n\n<li>[8.9] Mindestens een HTML-Element g\u00ebtt zu Presentatiounszwecker benotzt (z.\u202fB. eidel Paragraphen oder onstruktur\u00e9iert Texter an engem Element vu Paragraphen).<\/li>\n\n\n\n<li>[9.1] D\u2019Hierarchie vun den Iwwerschr\u00ebften ass op mindestens enger S\u00e4it net korrekt.<\/li>\n\n\n\n<li>[9.3] Mindestens eng L\u00ebscht ass net korrekt struktur\u00e9iert.<\/li>\n\n\n\n<li>[10.3] Mindestens een Inhalt ersch\u00e9ngt am Programmcode net an enger logescher Reiefolleg.<\/li>\n\n\n\n<li>[10.7] Mindestens e visuellen Indicateur fir de Fokus ass net sichtbar oder net genuch kontrast\u00e9iert.<\/li>\n\n\n\n<li>[10.9] Mindestens eng Informatioun g\u00ebtt ausschliisslech iwwer Form, Gr\u00e9isst oder Positioun duergestallt.<\/li>\n\n\n\n<li>[10.12] Mindestens een Inhalt verl\u00e9iert beim Gebrauch vun Ofst\u00e4nn u Verst\u00e4ndlechkeet oder Liesbarkeet.<\/li>\n\n\n\n<li>[11.7] D\u2019Beschr\u00ebftung vu mindestens enger Grupp vum Formulaire ass net relevant.<\/li>\n\n\n\n<li>[11.10] D\u2019Iwwerpr\u00e9iwung vun der Saisie bei mindestens engem Feld vum Formulaire ass net adequat (d\u2019Kennzeechnung vun den obligatoresche Felder an\/oder eng feelend Angab zu den Dateiformater).<\/li>\n\n\n\n<li>[11.13] Mindestens ee Feld am Formulaire \u00ebnnerst\u00ebtzt keen automatesch\u2019t Ausf\u00ebllen.<\/li>\n\n\n\n<li>[12.1] Mindestens eng S\u00e4itegrupp huet keng zwou Navigatiounssystemer.<\/li>\n\n\n\n<li>[12.7] Mindestens eng S\u00e4it huet kee Schnellzougr\u00ebff op den Haaptinhalt oder d\u00ebse funktion\u00e9iert net.<\/li>\n\n\n\n<li>[12.8] D\u2019Tabulatiounsreiefolleg ass fir mindestens eng S\u00e4it oder ee Komponent net koh\u00e4rent.<\/li>\n\n\n\n<li>[12.9] Mindestens eng Tastaturfal verh\u00ebnnert d\u2019Navig\u00e9ieren op enger S\u00e4it.<\/li>\n\n\n\n<li>[13.3] Mindestens een Textveraarbechtungsdokument (doc, odt oder PDF) ass net accessibel an huet och keng alternativ Duerstellung.<\/li>\n<\/ul>\n\n<h3 class=\"wp-block-heading\">Inhalter ausserhalb vum applikabele Ber\u00e4ich vum <a href=\"https:\/\/legilux.public.lu\/eli\/etat\/leg\/loi\/2019\/05\/28\/a373\/jo\">Gesetz vum 28. Mee 2019<\/a><\/h3>\n\n<ul class=\"wp-block-list\">\n<li>D\u2019Ally-Widget<\/li>\n\n\n\n<li>Inhalter vun iFrames : Google Maps und Seezam (Meldung vun engem Verstouss)<\/li>\n\n\n\n<li>reCaptcha<\/li>\n<\/ul>\n\n<h2 class=\"wp-block-heading\">Funktiounen zur Accessibilit\u00e9it<\/h2>\n\n<p>Dank dem integr\u00e9ierten Ally-Widget am Haaptmen\u00fc stinn dem Benotzer follgend Funktiounen zur Verf\u00fcgung : Textvergr\u00e9isserung, Erh\u00e9ijung vum Zeilenofstand, Auswiel vun der Textausriichtung, Erh\u00e9ijung vum Kontrast, verschidden Niveaue vu Grot\u00e9in si verf\u00fcgbar, Biller mask\u00e9ieren, Animatiounen paus\u00e9ieren, Links mark\u00e9ieren, d\u2019Applikatioun vun engem Mask deen de Fokus op vereenzelt Wierder setzt, Ervirhiewe vun der Fokusrumm souw\u00e9i d\u2019Struktur vun der S\u00e4it fir ze visualis\u00e9ieren.<\/p>\n\n<h2 class=\"wp-block-heading\">D\u2019erstelle vun der Accessibilit\u00e9itserkl\u00e4rung<\/h2>\n\n<p>D\u00ebs Erkl\u00e4rung gouf den 12. Januar 2026 erstallt. D\u2019Donn\u00e9e\u00eb si korrekt a bas\u00e9ieren op enger effektiver Evaluatioun vun der Konformit\u00e9it vun d\u00ebser Webs\u00e4it mat den Ufuerderunge vum <a href=\"https:\/\/accessibilite.public.lu\/fr\/raweb1\/\">RAWeb 1<\/a>, duerchgefouert vun engem Dr\u00ebtten: Access42. <\/p>\n\n<h2 class=\"wp-block-heading\">R\u00e9ckmeldungen a Kontaktdaten<\/h2>\n\n<p>Sollt Dir e Manktem a Bezuch op d\u2019Accessibilit\u00e9it feststellen, sch\u00e9ckt eis w.e.g. eng Mail un <a href=\"mailto:accessibilite@proactif.lu\">accessibilite@proactif.lu<\/a> <br\/>, an d\u00e4r Dir de Problem beschreift an d\u00e9i betraffe S\u00e4it ugitt. Mir verpflichten eis, bannent maximal engem Mount per Mail ze \u00e4ntwerten. Fir de Problem nohalteg an am Mooss vum M\u00e9iglechem ze behiewen, w\u00e4ert eng Online-Korrektur virgezu ginn. Wann dat net m\u00e9iglech ass, kritt Dir d\u2019Informatiounen an engem zoug\u00e4ngleche Format :   <\/p>\n\n<ul class=\"wp-block-list\">\n<li>schr\u00ebftlech a Form vun engem Dokument oder per Mail;<\/li>\n\n\n\n<li>m\u00ebndlech an engem Gespr\u00e9ich oder iwwer Telefon.<\/li>\n<\/ul>\n\n<h2 class=\"wp-block-heading\">Prozedur zur Garantie fir d\u2019Konformit\u00e9it mat den dozougeh\u00e9ierege Best\u00ebmmungen<\/h2>\n\n<p>Falls eis \u00c4ntwert net zefriddestellend sollt sinn, k\u00ebnnt Dir den <a href=\"https:\/\/sip.gouvernement.lu\/\">Informatiouns- a Pressed\u00e9ngscht<\/a>, d\u00ebst ass den zoust\u00e4nnege Service fir d\u2019Iwwerpr\u00e9iwung vun der Accessibilit\u00e9it, iwwer hiren <a href=\"https:\/\/sip.gouvernement.lu\/fr\/support\/reclamation-accessibilite.html\">Online-Reklamatiounsformulaire<\/a> oder den <a href=\"https:\/\/www.ombudsman.lu\/\">Ombudsmann <\/a>vu L\u00ebtzebuerg inform\u00e9ieren.<\/p>\n\n<p><\/p>\n\n<hr class=\"wp-block-separator has-alpha-channel-opacity\"\/>\n\n<p><\/p>\n\n<p>D\u00ebs Erkl\u00e4rung bas\u00e9iert op der festgeluechte Virlag vun der <a href=\"https:\/\/eur-lex.europa.eu\/legal-content\/FR\/TXT\/?uri=CELEX%3A32018D1523\">EU-Duerchf\u00e9ierungsveruerdnung 2018\/1523<\/a>. D\u00ebs Virlag geh\u00e9iert zur Europ\u00e4escher Unioun an ass \u00ebnnert der Lizenz <a href=\"https:\/\/creativecommons.org\/licenses\/by\/4.0\/\">Creative Commons Attribution 4.0 International <\/a>ver\u00ebffentlecht. <\/p>\n","protected":false},"excerpt":{"rendered":"<p>D\u2019Organisatioun \u201eProActif SIS S.\u00e0 r.l.\u201c verpflicht sech, hir Webs\u00e4it accessibel ze gestalten, am Aklang mam Gesetz vum 28. Mee 2019 iwwer d\u2019Accessibilit\u00e9it vu Webs\u00e4iten a mobillen Applikatioune vun \u00ebffentlechen Instituter. D\u00ebs Erkl\u00e4rung zur Accessibilit\u00e9it g\u00ebllt fir: https:\/\/www.proactif.lu\/ Wat ass eng digital Accessibilit\u00e9it? Jidderee soll d\u2019Informatiounen, d\u00e9i op enger Webs\u00e4it oder an enger Applikatioun enthale sinn, [&hellip;]<\/p>\n","protected":false},"author":2,"featured_media":0,"parent":0,"menu_order":0,"comment_status":"closed","ping_status":"closed","template":"","meta":{"_acf_changed":false,"inline_featured_image":false,"footnotes":""},"class_list":["post-1560","page","type-page","status-publish","hentry"],"acf":[],"yoast_head":"<!-- This site is optimized with the Yoast SEO plugin v27.3 - https:\/\/yoast.com\/product\/yoast-seo-wordpress\/ -->\n<title>Erkl\u00e4rung zur Accessibilit\u00e9it - ProActif<\/title>\n<meta name=\"robots\" content=\"index, follow, max-snippet:-1, max-image-preview:large, max-video-preview:-1\" \/>\n<link rel=\"canonical\" href=\"https:\/\/www.proactif.lu\/lu\/erklarung-zur-accessibiliteit\/\" \/>\n<meta property=\"og:locale\" content=\"en_US\" \/>\n<meta property=\"og:type\" content=\"article\" \/>\n<meta property=\"og:title\" content=\"Erkl\u00e4rung zur Accessibilit\u00e9it - ProActif\" \/>\n<meta property=\"og:description\" content=\"D\u2019Organisatioun \u201eProActif SIS S.\u00e0 r.l.\u201c verpflicht sech, hir Webs\u00e4it accessibel ze gestalten, am Aklang mam Gesetz vum 28. Mee 2019 iwwer d\u2019Accessibilit\u00e9it vu Webs\u00e4iten a mobillen Applikatioune vun \u00ebffentlechen Instituter. D\u00ebs Erkl\u00e4rung zur Accessibilit\u00e9it g\u00ebllt fir: https:\/\/www.proactif.lu\/ Wat ass eng digital Accessibilit\u00e9it? Jidderee soll d\u2019Informatiounen, d\u00e9i op enger Webs\u00e4it oder an enger Applikatioun enthale sinn, [&hellip;]\" \/>\n<meta property=\"og:url\" content=\"https:\/\/www.proactif.lu\/lu\/erklarung-zur-accessibiliteit\/\" \/>\n<meta property=\"og:site_name\" content=\"ProActif\" \/>\n<meta property=\"article:modified_time\" content=\"2026-01-13T15:35:35+00:00\" \/>\n<meta name=\"twitter:card\" content=\"summary_large_image\" \/>\n<meta name=\"twitter:label1\" content=\"Est. reading time\" \/>\n\t<meta name=\"twitter:data1\" content=\"4 minutes\" \/>\n<script type=\"application\/ld+json\" class=\"yoast-schema-graph\">{\"@context\":\"https:\\\/\\\/schema.org\",\"@graph\":[{\"@type\":\"WebPage\",\"@id\":\"https:\\\/\\\/www.proactif.lu\\\/lu\\\/erklarung-zur-accessibiliteit\\\/\",\"url\":\"https:\\\/\\\/www.proactif.lu\\\/lu\\\/erklarung-zur-accessibiliteit\\\/\",\"name\":\"Erkl\u00e4rung zur Accessibilit\u00e9it - ProActif\",\"isPartOf\":{\"@id\":\"https:\\\/\\\/www.proactif.lu\\\/lu\\\/#website\"},\"datePublished\":\"2026-01-13T14:55:42+00:00\",\"dateModified\":\"2026-01-13T15:35:35+00:00\",\"breadcrumb\":{\"@id\":\"https:\\\/\\\/www.proactif.lu\\\/lu\\\/erklarung-zur-accessibiliteit\\\/#breadcrumb\"},\"inLanguage\":\"lb-LU\",\"potentialAction\":[{\"@type\":\"ReadAction\",\"target\":[\"https:\\\/\\\/www.proactif.lu\\\/lu\\\/erklarung-zur-accessibiliteit\\\/\"]}]},{\"@type\":\"BreadcrumbList\",\"@id\":\"https:\\\/\\\/www.proactif.lu\\\/lu\\\/erklarung-zur-accessibiliteit\\\/#breadcrumb\",\"itemListElement\":[{\"@type\":\"ListItem\",\"position\":1,\"name\":\"Accueil\",\"item\":\"https:\\\/\\\/www.proactif.lu\\\/lu\\\/\"},{\"@type\":\"ListItem\",\"position\":2,\"name\":\"Erkl\u00e4rung zur Accessibilit\u00e9it\"}]},{\"@type\":\"WebSite\",\"@id\":\"https:\\\/\\\/www.proactif.lu\\\/lu\\\/#website\",\"url\":\"https:\\\/\\\/www.proactif.lu\\\/lu\\\/\",\"name\":\"ProActif\",\"description\":\"R\u00e9insertion professionnelle et services de qualit\u00e9 au Luxembourg\",\"publisher\":{\"@id\":\"https:\\\/\\\/www.proactif.lu\\\/lu\\\/#organization\"},\"potentialAction\":[{\"@type\":\"SearchAction\",\"target\":{\"@type\":\"EntryPoint\",\"urlTemplate\":\"https:\\\/\\\/www.proactif.lu\\\/lu\\\/?s={search_term_string}\"},\"query-input\":{\"@type\":\"PropertyValueSpecification\",\"valueRequired\":true,\"valueName\":\"search_term_string\"}}],\"inLanguage\":\"lb-LU\"},{\"@type\":\"Organization\",\"@id\":\"https:\\\/\\\/www.proactif.lu\\\/lu\\\/#organization\",\"name\":\"ProActif\",\"url\":\"https:\\\/\\\/www.proactif.lu\\\/lu\\\/\",\"logo\":{\"@type\":\"ImageObject\",\"inLanguage\":\"lb-LU\",\"@id\":\"https:\\\/\\\/www.proactif.lu\\\/lu\\\/#\\\/schema\\\/logo\\\/image\\\/\",\"url\":\"https:\\\/\\\/www.proactif.lu\\\/wp-content\\\/uploads\\\/2025\\\/02\\\/proactif-icon.svg\",\"contentUrl\":\"https:\\\/\\\/www.proactif.lu\\\/wp-content\\\/uploads\\\/2025\\\/02\\\/proactif-icon.svg\",\"caption\":\"ProActif\"},\"image\":{\"@id\":\"https:\\\/\\\/www.proactif.lu\\\/lu\\\/#\\\/schema\\\/logo\\\/image\\\/\"}}]}<\/script>\n<!-- \/ Yoast SEO plugin. -->","yoast_head_json":{"title":"Erkl\u00e4rung zur Accessibilit\u00e9it - ProActif","robots":{"index":"index","follow":"follow","max-snippet":"max-snippet:-1","max-image-preview":"max-image-preview:large","max-video-preview":"max-video-preview:-1"},"canonical":"https:\/\/www.proactif.lu\/lu\/erklarung-zur-accessibiliteit\/","og_locale":"en_US","og_type":"article","og_title":"Erkl\u00e4rung zur Accessibilit\u00e9it - ProActif","og_description":"D\u2019Organisatioun \u201eProActif SIS S.\u00e0 r.l.\u201c verpflicht sech, hir Webs\u00e4it accessibel ze gestalten, am Aklang mam Gesetz vum 28. Mee 2019 iwwer d\u2019Accessibilit\u00e9it vu Webs\u00e4iten a mobillen Applikatioune vun \u00ebffentlechen Instituter. D\u00ebs Erkl\u00e4rung zur Accessibilit\u00e9it g\u00ebllt fir: https:\/\/www.proactif.lu\/ Wat ass eng digital Accessibilit\u00e9it? Jidderee soll d\u2019Informatiounen, d\u00e9i op enger Webs\u00e4it oder an enger Applikatioun enthale sinn, [&hellip;]","og_url":"https:\/\/www.proactif.lu\/lu\/erklarung-zur-accessibiliteit\/","og_site_name":"ProActif","article_modified_time":"2026-01-13T15:35:35+00:00","twitter_card":"summary_large_image","twitter_misc":{"Est. reading time":"4 minutes"},"schema":{"@context":"https:\/\/schema.org","@graph":[{"@type":"WebPage","@id":"https:\/\/www.proactif.lu\/lu\/erklarung-zur-accessibiliteit\/","url":"https:\/\/www.proactif.lu\/lu\/erklarung-zur-accessibiliteit\/","name":"Erkl\u00e4rung zur Accessibilit\u00e9it - ProActif","isPartOf":{"@id":"https:\/\/www.proactif.lu\/lu\/#website"},"datePublished":"2026-01-13T14:55:42+00:00","dateModified":"2026-01-13T15:35:35+00:00","breadcrumb":{"@id":"https:\/\/www.proactif.lu\/lu\/erklarung-zur-accessibiliteit\/#breadcrumb"},"inLanguage":"lb-LU","potentialAction":[{"@type":"ReadAction","target":["https:\/\/www.proactif.lu\/lu\/erklarung-zur-accessibiliteit\/"]}]},{"@type":"BreadcrumbList","@id":"https:\/\/www.proactif.lu\/lu\/erklarung-zur-accessibiliteit\/#breadcrumb","itemListElement":[{"@type":"ListItem","position":1,"name":"Accueil","item":"https:\/\/www.proactif.lu\/lu\/"},{"@type":"ListItem","position":2,"name":"Erkl\u00e4rung zur Accessibilit\u00e9it"}]},{"@type":"WebSite","@id":"https:\/\/www.proactif.lu\/lu\/#website","url":"https:\/\/www.proactif.lu\/lu\/","name":"ProActif","description":"R\u00e9insertion professionnelle et services de qualit\u00e9 au Luxembourg","publisher":{"@id":"https:\/\/www.proactif.lu\/lu\/#organization"},"potentialAction":[{"@type":"SearchAction","target":{"@type":"EntryPoint","urlTemplate":"https:\/\/www.proactif.lu\/lu\/?s={search_term_string}"},"query-input":{"@type":"PropertyValueSpecification","valueRequired":true,"valueName":"search_term_string"}}],"inLanguage":"lb-LU"},{"@type":"Organization","@id":"https:\/\/www.proactif.lu\/lu\/#organization","name":"ProActif","url":"https:\/\/www.proactif.lu\/lu\/","logo":{"@type":"ImageObject","inLanguage":"lb-LU","@id":"https:\/\/www.proactif.lu\/lu\/#\/schema\/logo\/image\/","url":"https:\/\/www.proactif.lu\/wp-content\/uploads\/2025\/02\/proactif-icon.svg","contentUrl":"https:\/\/www.proactif.lu\/wp-content\/uploads\/2025\/02\/proactif-icon.svg","caption":"ProActif"},"image":{"@id":"https:\/\/www.proactif.lu\/lu\/#\/schema\/logo\/image\/"}}]}},"_links":{"self":[{"href":"https:\/\/www.proactif.lu\/lu\/wp-json\/wp\/v2\/pages\/1560","targetHints":{"allow":["GET"]}}],"collection":[{"href":"https:\/\/www.proactif.lu\/lu\/wp-json\/wp\/v2\/pages"}],"about":[{"href":"https:\/\/www.proactif.lu\/lu\/wp-json\/wp\/v2\/types\/page"}],"author":[{"embeddable":true,"href":"https:\/\/www.proactif.lu\/lu\/wp-json\/wp\/v2\/users\/2"}],"replies":[{"embeddable":true,"href":"https:\/\/www.proactif.lu\/lu\/wp-json\/wp\/v2\/comments?post=1560"}],"version-history":[{"count":1,"href":"https:\/\/www.proactif.lu\/lu\/wp-json\/wp\/v2\/pages\/1560\/revisions"}],"predecessor-version":[{"id":1561,"href":"https:\/\/www.proactif.lu\/lu\/wp-json\/wp\/v2\/pages\/1560\/revisions\/1561"}],"wp:attachment":[{"href":"https:\/\/www.proactif.lu\/lu\/wp-json\/wp\/v2\/media?parent=1560"}],"curies":[{"name":"wp","href":"https:\/\/api.w.org\/{rel}","templated":true}]}}