{"id":1830,"date":"2026-05-11T14:34:29","date_gmt":"2026-05-11T12:34:29","guid":{"rendered":"https:\/\/www.proactif.lu\/videoiwwerwaachung-24h-24h\/"},"modified":"2026-05-11T14:54:48","modified_gmt":"2026-05-11T12:54:48","slug":"videoiwwerwaachung-24h-24h","status":"publish","type":"page","link":"https:\/\/www.proactif.lu\/lu\/videoiwwerwaachung-24h-24h\/","title":{"rendered":"Videoiwwerwaachung 24h\/24h"},"content":{"rendered":"\n<h2 class=\"wp-block-heading\">Responsabel fir d\u2019Veraarbechtung<\/h2>\n\n<ul class=\"wp-block-list\">\n<li>ProActif SIS S.\u00e0 r.l.<\/li>\n\n\n\n<li>5, rue L\u00e4iteschbaach<\/li>\n\n\n\n<li>L-5324 Contern<\/li>\n<\/ul>\n\n<h2 class=\"wp-block-heading\">Zweck(er) vun der Videoiwwerwaachung :<\/h2>\n\n<p>D\u00ebs Ariichtung steet \u00ebnner Videoiwwerwaachung, fir d&#8217;S\u00e9cherheet vu Persounen, Gidder an Operatiounen ze garant\u00e9ieren.<\/p>\n\n<h2 class=\"wp-block-heading\">M\u00e9i Informatiounen : <\/h2>\n\n<p>D\u00e9i komplett Politik iwwert d\u2019Videoiwwerwaachung ass op einfach Ufro bei der Receptioun verf\u00fcgbar.<\/p>\n\n<h2 class=\"wp-block-heading\">Sp\u00e4icherdauer : <\/h2>\n\n<p>D\u2019Biller ginn 8 Deeg laang gesp\u00e4ichert, ausser am Fall vun engem T\u00ebschefall, deen eng Extraktioun an e Sp\u00e4icheren vun de Biller fir d&#8217;Dauer vun der Prozedur erfuerdert. <\/p>\n\n<p>D\u2019Biller k\u00ebnnen duerch autoris\u00e9iert Mataarbechter vu ProActif an, wann n\u00e9ideg, duerch d\u00e9i zoust\u00e4nneg Autorit\u00e9iten gekuckt ginn.<\/p>\n\n<h2 class=\"wp-block-heading\">\u00c4r Rechter :<\/h2>\n\n<p>Laut der Allgemenger Dateschutzveruerdnung (RGPD) hutt Dir Rechter, d\u00e9i Iech erlaben d\u2019Benotzung vun \u00c4re pers\u00e9inlechen Donn\u00e9e\u00ebn ze kontroll\u00e9ieren.<\/p>\n\n<p>ir \u00c4r Rechter ausze\u00fcben oder m\u00e9i Informatiounen ze kr\u00e9ien, k\u00ebnnt Dir eisen Dateschutzbeoptraagten (DPO) op follgender Adress kontakt\u00e9ieren : <a href=\"dpo@proactif.lu\">dpo@proactif.lu<\/a> <\/p>\n","protected":false},"excerpt":{"rendered":"<p>Responsabel fir d\u2019Veraarbechtung Zweck(er) vun der Videoiwwerwaachung : D\u00ebs Ariichtung steet \u00ebnner Videoiwwerwaachung, fir d&#8217;S\u00e9cherheet vu Persounen, Gidder an Operatiounen ze garant\u00e9ieren. M\u00e9i Informatiounen : D\u00e9i komplett Politik iwwert d\u2019Videoiwwerwaachung ass op einfach Ufro bei der Receptioun verf\u00fcgbar. Sp\u00e4icherdauer : D\u2019Biller ginn 8 Deeg laang gesp\u00e4ichert, ausser am Fall vun engem T\u00ebschefall, deen eng Extraktioun [&hellip;]<\/p>\n","protected":false},"author":3,"featured_media":0,"parent":0,"menu_order":0,"comment_status":"closed","ping_status":"closed","template":"","meta":{"_acf_changed":false,"inline_featured_image":false,"footnotes":""},"class_list":["post-1830","page","type-page","status-publish","hentry"],"acf":[],"yoast_head":"<!-- This site is optimized with the Yoast SEO plugin v27.3 - https:\/\/yoast.com\/product\/yoast-seo-wordpress\/ -->\n<title>Videoiwwerwaachung 24h\/24h - ProActif<\/title>\n<meta name=\"robots\" content=\"index, follow, max-snippet:-1, max-image-preview:large, max-video-preview:-1\" \/>\n<link rel=\"canonical\" href=\"https:\/\/www.proactif.lu\/lu\/videoiwwerwaachung-24h-24h\/\" \/>\n<meta property=\"og:locale\" content=\"en_US\" \/>\n<meta property=\"og:type\" content=\"article\" \/>\n<meta property=\"og:title\" content=\"Videoiwwerwaachung 24h\/24h - ProActif\" \/>\n<meta property=\"og:description\" content=\"Responsabel fir d\u2019Veraarbechtung Zweck(er) vun der Videoiwwerwaachung : D\u00ebs Ariichtung steet \u00ebnner Videoiwwerwaachung, fir d&#8217;S\u00e9cherheet vu Persounen, Gidder an Operatiounen ze garant\u00e9ieren. M\u00e9i Informatiounen : D\u00e9i komplett Politik iwwert d\u2019Videoiwwerwaachung ass op einfach Ufro bei der Receptioun verf\u00fcgbar. Sp\u00e4icherdauer : D\u2019Biller ginn 8 Deeg laang gesp\u00e4ichert, ausser am Fall vun engem T\u00ebschefall, deen eng Extraktioun [&hellip;]\" \/>\n<meta property=\"og:url\" content=\"https:\/\/www.proactif.lu\/lu\/videoiwwerwaachung-24h-24h\/\" \/>\n<meta property=\"og:site_name\" content=\"ProActif\" \/>\n<meta property=\"article:modified_time\" content=\"2026-05-11T12:54:48+00:00\" \/>\n<meta name=\"twitter:card\" content=\"summary_large_image\" \/>\n<meta name=\"twitter:label1\" content=\"Est. reading time\" \/>\n\t<meta name=\"twitter:data1\" content=\"1 minute\" \/>\n<script type=\"application\/ld+json\" class=\"yoast-schema-graph\">{\"@context\":\"https:\\\/\\\/schema.org\",\"@graph\":[{\"@type\":\"WebPage\",\"@id\":\"https:\\\/\\\/www.proactif.lu\\\/lu\\\/videoiwwerwaachung-24h-24h\\\/\",\"url\":\"https:\\\/\\\/www.proactif.lu\\\/lu\\\/videoiwwerwaachung-24h-24h\\\/\",\"name\":\"Videoiwwerwaachung 24h\\\/24h - ProActif\",\"isPartOf\":{\"@id\":\"https:\\\/\\\/www.proactif.lu\\\/lu\\\/#website\"},\"datePublished\":\"2026-05-11T12:34:29+00:00\",\"dateModified\":\"2026-05-11T12:54:48+00:00\",\"breadcrumb\":{\"@id\":\"https:\\\/\\\/www.proactif.lu\\\/lu\\\/videoiwwerwaachung-24h-24h\\\/#breadcrumb\"},\"inLanguage\":\"lb-LU\",\"potentialAction\":[{\"@type\":\"ReadAction\",\"target\":[\"https:\\\/\\\/www.proactif.lu\\\/lu\\\/videoiwwerwaachung-24h-24h\\\/\"]}]},{\"@type\":\"BreadcrumbList\",\"@id\":\"https:\\\/\\\/www.proactif.lu\\\/lu\\\/videoiwwerwaachung-24h-24h\\\/#breadcrumb\",\"itemListElement\":[{\"@type\":\"ListItem\",\"position\":1,\"name\":\"Accueil\",\"item\":\"https:\\\/\\\/www.proactif.lu\\\/lu\\\/\"},{\"@type\":\"ListItem\",\"position\":2,\"name\":\"Videoiwwerwaachung 24h\\\/24h\"}]},{\"@type\":\"WebSite\",\"@id\":\"https:\\\/\\\/www.proactif.lu\\\/lu\\\/#website\",\"url\":\"https:\\\/\\\/www.proactif.lu\\\/lu\\\/\",\"name\":\"ProActif\",\"description\":\"R\u00e9insertion professionnelle et services de qualit\u00e9 au Luxembourg\",\"publisher\":{\"@id\":\"https:\\\/\\\/www.proactif.lu\\\/lu\\\/#organization\"},\"potentialAction\":[{\"@type\":\"SearchAction\",\"target\":{\"@type\":\"EntryPoint\",\"urlTemplate\":\"https:\\\/\\\/www.proactif.lu\\\/lu\\\/?s={search_term_string}\"},\"query-input\":{\"@type\":\"PropertyValueSpecification\",\"valueRequired\":true,\"valueName\":\"search_term_string\"}}],\"inLanguage\":\"lb-LU\"},{\"@type\":\"Organization\",\"@id\":\"https:\\\/\\\/www.proactif.lu\\\/lu\\\/#organization\",\"name\":\"ProActif\",\"url\":\"https:\\\/\\\/www.proactif.lu\\\/lu\\\/\",\"logo\":{\"@type\":\"ImageObject\",\"inLanguage\":\"lb-LU\",\"@id\":\"https:\\\/\\\/www.proactif.lu\\\/lu\\\/#\\\/schema\\\/logo\\\/image\\\/\",\"url\":\"https:\\\/\\\/www.proactif.lu\\\/wp-content\\\/uploads\\\/2025\\\/02\\\/proactif-icon.svg\",\"contentUrl\":\"https:\\\/\\\/www.proactif.lu\\\/wp-content\\\/uploads\\\/2025\\\/02\\\/proactif-icon.svg\",\"caption\":\"ProActif\"},\"image\":{\"@id\":\"https:\\\/\\\/www.proactif.lu\\\/lu\\\/#\\\/schema\\\/logo\\\/image\\\/\"}}]}<\/script>\n<!-- \/ Yoast SEO plugin. -->","yoast_head_json":{"title":"Videoiwwerwaachung 24h\/24h - ProActif","robots":{"index":"index","follow":"follow","max-snippet":"max-snippet:-1","max-image-preview":"max-image-preview:large","max-video-preview":"max-video-preview:-1"},"canonical":"https:\/\/www.proactif.lu\/lu\/videoiwwerwaachung-24h-24h\/","og_locale":"en_US","og_type":"article","og_title":"Videoiwwerwaachung 24h\/24h - ProActif","og_description":"Responsabel fir d\u2019Veraarbechtung Zweck(er) vun der Videoiwwerwaachung : D\u00ebs Ariichtung steet \u00ebnner Videoiwwerwaachung, fir d&#8217;S\u00e9cherheet vu Persounen, Gidder an Operatiounen ze garant\u00e9ieren. M\u00e9i Informatiounen : D\u00e9i komplett Politik iwwert d\u2019Videoiwwerwaachung ass op einfach Ufro bei der Receptioun verf\u00fcgbar. Sp\u00e4icherdauer : D\u2019Biller ginn 8 Deeg laang gesp\u00e4ichert, ausser am Fall vun engem T\u00ebschefall, deen eng Extraktioun [&hellip;]","og_url":"https:\/\/www.proactif.lu\/lu\/videoiwwerwaachung-24h-24h\/","og_site_name":"ProActif","article_modified_time":"2026-05-11T12:54:48+00:00","twitter_card":"summary_large_image","twitter_misc":{"Est. reading time":"1 minute"},"schema":{"@context":"https:\/\/schema.org","@graph":[{"@type":"WebPage","@id":"https:\/\/www.proactif.lu\/lu\/videoiwwerwaachung-24h-24h\/","url":"https:\/\/www.proactif.lu\/lu\/videoiwwerwaachung-24h-24h\/","name":"Videoiwwerwaachung 24h\/24h - ProActif","isPartOf":{"@id":"https:\/\/www.proactif.lu\/lu\/#website"},"datePublished":"2026-05-11T12:34:29+00:00","dateModified":"2026-05-11T12:54:48+00:00","breadcrumb":{"@id":"https:\/\/www.proactif.lu\/lu\/videoiwwerwaachung-24h-24h\/#breadcrumb"},"inLanguage":"lb-LU","potentialAction":[{"@type":"ReadAction","target":["https:\/\/www.proactif.lu\/lu\/videoiwwerwaachung-24h-24h\/"]}]},{"@type":"BreadcrumbList","@id":"https:\/\/www.proactif.lu\/lu\/videoiwwerwaachung-24h-24h\/#breadcrumb","itemListElement":[{"@type":"ListItem","position":1,"name":"Accueil","item":"https:\/\/www.proactif.lu\/lu\/"},{"@type":"ListItem","position":2,"name":"Videoiwwerwaachung 24h\/24h"}]},{"@type":"WebSite","@id":"https:\/\/www.proactif.lu\/lu\/#website","url":"https:\/\/www.proactif.lu\/lu\/","name":"ProActif","description":"R\u00e9insertion professionnelle et services de qualit\u00e9 au Luxembourg","publisher":{"@id":"https:\/\/www.proactif.lu\/lu\/#organization"},"potentialAction":[{"@type":"SearchAction","target":{"@type":"EntryPoint","urlTemplate":"https:\/\/www.proactif.lu\/lu\/?s={search_term_string}"},"query-input":{"@type":"PropertyValueSpecification","valueRequired":true,"valueName":"search_term_string"}}],"inLanguage":"lb-LU"},{"@type":"Organization","@id":"https:\/\/www.proactif.lu\/lu\/#organization","name":"ProActif","url":"https:\/\/www.proactif.lu\/lu\/","logo":{"@type":"ImageObject","inLanguage":"lb-LU","@id":"https:\/\/www.proactif.lu\/lu\/#\/schema\/logo\/image\/","url":"https:\/\/www.proactif.lu\/wp-content\/uploads\/2025\/02\/proactif-icon.svg","contentUrl":"https:\/\/www.proactif.lu\/wp-content\/uploads\/2025\/02\/proactif-icon.svg","caption":"ProActif"},"image":{"@id":"https:\/\/www.proactif.lu\/lu\/#\/schema\/logo\/image\/"}}]}},"_links":{"self":[{"href":"https:\/\/www.proactif.lu\/lu\/wp-json\/wp\/v2\/pages\/1830","targetHints":{"allow":["GET"]}}],"collection":[{"href":"https:\/\/www.proactif.lu\/lu\/wp-json\/wp\/v2\/pages"}],"about":[{"href":"https:\/\/www.proactif.lu\/lu\/wp-json\/wp\/v2\/types\/page"}],"author":[{"embeddable":true,"href":"https:\/\/www.proactif.lu\/lu\/wp-json\/wp\/v2\/users\/3"}],"replies":[{"embeddable":true,"href":"https:\/\/www.proactif.lu\/lu\/wp-json\/wp\/v2\/comments?post=1830"}],"version-history":[{"count":1,"href":"https:\/\/www.proactif.lu\/lu\/wp-json\/wp\/v2\/pages\/1830\/revisions"}],"predecessor-version":[{"id":1831,"href":"https:\/\/www.proactif.lu\/lu\/wp-json\/wp\/v2\/pages\/1830\/revisions\/1831"}],"wp:attachment":[{"href":"https:\/\/www.proactif.lu\/lu\/wp-json\/wp\/v2\/media?parent=1830"}],"curies":[{"name":"wp","href":"https:\/\/api.w.org\/{rel}","templated":true}]}}