{"id":900,"date":"2025-05-06T17:15:12","date_gmt":"2025-05-06T15:15:12","guid":{"rendered":"https:\/\/proactif.octopix.dev\/benoriichtegt-eis\/"},"modified":"2025-05-16T15:15:41","modified_gmt":"2025-05-16T13:15:41","slug":"benoriichtegt-eis","status":"publish","type":"page","link":"https:\/\/www.proactif.lu\/lu\/benoriichtegt-eis\/","title":{"rendered":"Benoriichtegt eis!"},"content":{"rendered":"\n<div class=\"wp-block-group has-global-padding is-layout-constrained wp-block-group-is-layout-constrained\" style=\"margin-top:var(--wp--preset--spacing--small);margin-bottom:var(--wp--preset--spacing--large)\">\n<div class=\"wp-block-columns are-vertically-aligned-center is-layout-flex wp-container-core-columns-is-layout-5016e1a0 wp-block-columns-is-layout-flex\">\n<div class=\"wp-block-column is-vertically-aligned-center is-layout-flow wp-block-column-is-layout-flow\" data-aos=\"fade-down\" data-aos-duration=\"800\" data-aos-easing=\"ease-in-out\" data-aos-once=\"true\">\n<div class=\"wp-block-group is-nowrap is-layout-flex wp-container-core-group-is-layout-6c531013 wp-block-group-is-layout-flex\">\n<div class=\"wp-block-group wp-container-content-c350c83c has-global-padding is-layout-constrained wp-block-group-is-layout-constrained\">\n<h1 class=\"wp-block-heading\">Benoriichtegt eis!<\/h1>\n\n\n\n<p>ProActif SIS S.\u00e0 r.l. stellt Iech en Meldungsformul\u00e4r gem\u00e9iss dem Gesetz vum 16. Mee 2023 zur Protektioun vun engem Hiweisiwwerbr\u00e9nger zur Verf\u00fcgung.<\/p>\n\n\n\n<p>Mir z\u00e9ien \u00c4r Opmierksamkeet op d\u2019Tatsaach dat all Bericht, deen net \u00ebnnert d\u2019Konditioune vun der Uwendung vum Gesetz falen, refus\u00e9iert g\u00ebtt.<\/p>\n<\/div>\n<\/div>\n<\/div>\n\n\n\n<div class=\"wp-block-column is-vertically-aligned-center is-layout-flow wp-block-column-is-layout-flow\" data-aos=\"fade-down\" data-aos-delay=\"100\" data-aos-duration=\"800\" data-aos-easing=\"ease-in-out\" data-aos-once=\"true\">\n<div class=\"wp-block-group is-content-justification-right is-nowrap is-layout-flex wp-container-core-group-is-layout-369f395c wp-block-group-is-layout-flex\">\n<div class=\"wp-block-group wp-container-content-61715d93 has-global-padding is-layout-constrained wp-container-core-group-is-layout-a18addf6 wp-block-group-is-layout-constrained\" style=\"margin-top:var(--wp--preset--spacing--medium);padding-top:var(--wp--preset--spacing--medium);padding-right:var(--wp--preset--spacing--large);--octopods-group-position:relative\">\n<figure class=\"wp-block-image size-octopods-featured has-custom-border\"><img loading=\"lazy\" decoding=\"async\" width=\"1200\" height=\"622\" src=\"https:\/\/www.proactif.lu\/wp-content\/uploads\/2025\/05\/alert_v5-1200x622.png\" alt=\"\" class=\"wp-image-746\" style=\"border-radius:1000px;aspect-ratio:1;object-fit:cover\" srcset=\"https:\/\/www.proactif.lu\/wp-content\/uploads\/2025\/05\/alert_v5-1200x622.png 1200w, https:\/\/www.proactif.lu\/wp-content\/uploads\/2025\/05\/alert_v5-300x155.png 300w, https:\/\/www.proactif.lu\/wp-content\/uploads\/2025\/05\/alert_v5-1024x531.png 1024w, https:\/\/www.proactif.lu\/wp-content\/uploads\/2025\/05\/alert_v5-768x398.png 768w, https:\/\/www.proactif.lu\/wp-content\/uploads\/2025\/05\/alert_v5-1536x796.png 1536w, https:\/\/www.proactif.lu\/wp-content\/uploads\/2025\/05\/alert_v5-600x311.png 600w, https:\/\/www.proactif.lu\/wp-content\/uploads\/2025\/05\/alert_v5.png 1920w\" sizes=\"auto, (max-width: 1200px) 100vw, 1200px\" \/><\/figure>\n\n\n\n<div class=\"wp-block-group pointer-events-none is-content-justification-right is-nowrap is-layout-flex wp-container-core-group-is-layout-51daf623 wp-block-group-is-layout-flex\" style=\"--octopods-group-z-index:10;--octopods-group-position:absolute;--octopods-group-top:0%;--octopods-group-bottom:0vw;--octopods-group-left:0px;--octopods-group-right:0px\">\n<figure class=\"wp-block-image size-large parallax-scroll wp-container-content-a5fc19f1\"><img decoding=\"async\" src=\"https:\/\/www.proactif.lu\/wp-content\/uploads\/2025\/02\/cercle-gradient-1.svg\" alt=\"\" class=\"wp-image-93\"\/><\/figure>\n<\/div>\n<\/div>\n<\/div>\n<\/div>\n<\/div>\n<\/div>\n\n<div class=\"wp-block-group has-global-padding is-layout-constrained wp-container-core-group-is-layout-bc6b0e6c wp-block-group-is-layout-constrained\" style=\"margin-top:var(--wp--preset--spacing--x-large);margin-bottom:var(--wp--preset--spacing--x-large)\">\n<div class=\"wp-block-group has-global-padding is-layout-constrained wp-block-group-is-layout-constrained\">\n<iframe loading=\"lazy\" src=\"https:\/\/www.seezam.com\/whistleblower\/?hash=5559ec89ee09b400c13dd6b21c767acd\" width=\"100%\" height=\"900\"><\/iframe>\n<\/div>\n<\/div>\n","protected":false},"excerpt":{"rendered":"<p>Benoriichtegt eis! ProActif SIS S.\u00e0 r.l. stellt Iech en Meldungsformul\u00e4r gem\u00e9iss dem Gesetz vum 16. Mee 2023 zur Protektioun vun engem Hiweisiwwerbr\u00e9nger zur Verf\u00fcgung. Mir z\u00e9ien \u00c4r Opmierksamkeet op d\u2019Tatsaach dat all Bericht, deen net \u00ebnnert d\u2019Konditioune vun der Uwendung vum Gesetz falen, refus\u00e9iert g\u00ebtt.<\/p>\n","protected":false},"author":1,"featured_media":0,"parent":0,"menu_order":0,"comment_status":"closed","ping_status":"closed","template":"no-title","meta":{"_acf_changed":false,"inline_featured_image":false,"footnotes":""},"class_list":["post-900","page","type-page","status-publish","hentry"],"acf":[],"yoast_head":"<!-- This site is optimized with the Yoast SEO plugin v27.3 - https:\/\/yoast.com\/product\/yoast-seo-wordpress\/ -->\n<title>Benoriichtegt eis! - ProActif<\/title>\n<meta name=\"robots\" content=\"index, follow, max-snippet:-1, max-image-preview:large, max-video-preview:-1\" \/>\n<link rel=\"canonical\" href=\"https:\/\/www.proactif.lu\/lu\/benoriichtegt-eis\/\" \/>\n<meta property=\"og:locale\" content=\"en_US\" \/>\n<meta property=\"og:type\" content=\"article\" \/>\n<meta property=\"og:title\" content=\"Benoriichtegt eis! - ProActif\" \/>\n<meta property=\"og:description\" content=\"Benoriichtegt eis! ProActif SIS S.\u00e0 r.l. stellt Iech en Meldungsformul\u00e4r gem\u00e9iss dem Gesetz vum 16. Mee 2023 zur Protektioun vun engem Hiweisiwwerbr\u00e9nger zur Verf\u00fcgung. Mir z\u00e9ien \u00c4r Opmierksamkeet op d\u2019Tatsaach dat all Bericht, deen net \u00ebnnert d\u2019Konditioune vun der Uwendung vum Gesetz falen, refus\u00e9iert g\u00ebtt.\" \/>\n<meta property=\"og:url\" content=\"https:\/\/www.proactif.lu\/lu\/benoriichtegt-eis\/\" \/>\n<meta property=\"og:site_name\" content=\"ProActif\" \/>\n<meta property=\"article:modified_time\" content=\"2025-05-16T13:15:41+00:00\" \/>\n<meta property=\"og:image\" content=\"https:\/\/www.proactif.lu\/wp-content\/uploads\/2025\/05\/alert_v5-1200x622.png\" \/>\n<meta name=\"twitter:card\" content=\"summary_large_image\" \/>\n<script type=\"application\/ld+json\" class=\"yoast-schema-graph\">{\"@context\":\"https:\\\/\\\/schema.org\",\"@graph\":[{\"@type\":\"WebPage\",\"@id\":\"https:\\\/\\\/www.proactif.lu\\\/lu\\\/benoriichtegt-eis\\\/\",\"url\":\"https:\\\/\\\/www.proactif.lu\\\/lu\\\/benoriichtegt-eis\\\/\",\"name\":\"Benoriichtegt eis! - ProActif\",\"isPartOf\":{\"@id\":\"https:\\\/\\\/www.proactif.lu\\\/lu\\\/#website\"},\"primaryImageOfPage\":{\"@id\":\"https:\\\/\\\/www.proactif.lu\\\/lu\\\/benoriichtegt-eis\\\/#primaryimage\"},\"image\":{\"@id\":\"https:\\\/\\\/www.proactif.lu\\\/lu\\\/benoriichtegt-eis\\\/#primaryimage\"},\"thumbnailUrl\":\"https:\\\/\\\/www.proactif.lu\\\/wp-content\\\/uploads\\\/2025\\\/05\\\/alert_v5-1200x622.png\",\"datePublished\":\"2025-05-06T15:15:12+00:00\",\"dateModified\":\"2025-05-16T13:15:41+00:00\",\"breadcrumb\":{\"@id\":\"https:\\\/\\\/www.proactif.lu\\\/lu\\\/benoriichtegt-eis\\\/#breadcrumb\"},\"inLanguage\":\"lb-LU\",\"potentialAction\":[{\"@type\":\"ReadAction\",\"target\":[\"https:\\\/\\\/www.proactif.lu\\\/lu\\\/benoriichtegt-eis\\\/\"]}]},{\"@type\":\"ImageObject\",\"inLanguage\":\"lb-LU\",\"@id\":\"https:\\\/\\\/www.proactif.lu\\\/lu\\\/benoriichtegt-eis\\\/#primaryimage\",\"url\":\"https:\\\/\\\/www.proactif.lu\\\/wp-content\\\/uploads\\\/2025\\\/05\\\/alert_v5-1200x622.png\",\"contentUrl\":\"https:\\\/\\\/www.proactif.lu\\\/wp-content\\\/uploads\\\/2025\\\/05\\\/alert_v5-1200x622.png\"},{\"@type\":\"BreadcrumbList\",\"@id\":\"https:\\\/\\\/www.proactif.lu\\\/lu\\\/benoriichtegt-eis\\\/#breadcrumb\",\"itemListElement\":[{\"@type\":\"ListItem\",\"position\":1,\"name\":\"Accueil\",\"item\":\"https:\\\/\\\/www.proactif.lu\\\/lu\\\/\"},{\"@type\":\"ListItem\",\"position\":2,\"name\":\"Benoriichtegt eis!\"}]},{\"@type\":\"WebSite\",\"@id\":\"https:\\\/\\\/www.proactif.lu\\\/lu\\\/#website\",\"url\":\"https:\\\/\\\/www.proactif.lu\\\/lu\\\/\",\"name\":\"ProActif\",\"description\":\"R\u00e9insertion professionnelle et services de qualit\u00e9 au Luxembourg\",\"publisher\":{\"@id\":\"https:\\\/\\\/www.proactif.lu\\\/lu\\\/#organization\"},\"potentialAction\":[{\"@type\":\"SearchAction\",\"target\":{\"@type\":\"EntryPoint\",\"urlTemplate\":\"https:\\\/\\\/www.proactif.lu\\\/lu\\\/?s={search_term_string}\"},\"query-input\":{\"@type\":\"PropertyValueSpecification\",\"valueRequired\":true,\"valueName\":\"search_term_string\"}}],\"inLanguage\":\"lb-LU\"},{\"@type\":\"Organization\",\"@id\":\"https:\\\/\\\/www.proactif.lu\\\/lu\\\/#organization\",\"name\":\"ProActif\",\"url\":\"https:\\\/\\\/www.proactif.lu\\\/lu\\\/\",\"logo\":{\"@type\":\"ImageObject\",\"inLanguage\":\"lb-LU\",\"@id\":\"https:\\\/\\\/www.proactif.lu\\\/lu\\\/#\\\/schema\\\/logo\\\/image\\\/\",\"url\":\"https:\\\/\\\/www.proactif.lu\\\/wp-content\\\/uploads\\\/2025\\\/02\\\/proactif-icon.svg\",\"contentUrl\":\"https:\\\/\\\/www.proactif.lu\\\/wp-content\\\/uploads\\\/2025\\\/02\\\/proactif-icon.svg\",\"caption\":\"ProActif\"},\"image\":{\"@id\":\"https:\\\/\\\/www.proactif.lu\\\/lu\\\/#\\\/schema\\\/logo\\\/image\\\/\"}}]}<\/script>\n<!-- \/ Yoast SEO plugin. -->","yoast_head_json":{"title":"Benoriichtegt eis! - ProActif","robots":{"index":"index","follow":"follow","max-snippet":"max-snippet:-1","max-image-preview":"max-image-preview:large","max-video-preview":"max-video-preview:-1"},"canonical":"https:\/\/www.proactif.lu\/lu\/benoriichtegt-eis\/","og_locale":"en_US","og_type":"article","og_title":"Benoriichtegt eis! - ProActif","og_description":"Benoriichtegt eis! ProActif SIS S.\u00e0 r.l. stellt Iech en Meldungsformul\u00e4r gem\u00e9iss dem Gesetz vum 16. Mee 2023 zur Protektioun vun engem Hiweisiwwerbr\u00e9nger zur Verf\u00fcgung. Mir z\u00e9ien \u00c4r Opmierksamkeet op d\u2019Tatsaach dat all Bericht, deen net \u00ebnnert d\u2019Konditioune vun der Uwendung vum Gesetz falen, refus\u00e9iert g\u00ebtt.","og_url":"https:\/\/www.proactif.lu\/lu\/benoriichtegt-eis\/","og_site_name":"ProActif","article_modified_time":"2025-05-16T13:15:41+00:00","og_image":[{"url":"https:\/\/www.proactif.lu\/wp-content\/uploads\/2025\/05\/alert_v5-1200x622.png","type":"","width":"","height":""}],"twitter_card":"summary_large_image","schema":{"@context":"https:\/\/schema.org","@graph":[{"@type":"WebPage","@id":"https:\/\/www.proactif.lu\/lu\/benoriichtegt-eis\/","url":"https:\/\/www.proactif.lu\/lu\/benoriichtegt-eis\/","name":"Benoriichtegt eis! - ProActif","isPartOf":{"@id":"https:\/\/www.proactif.lu\/lu\/#website"},"primaryImageOfPage":{"@id":"https:\/\/www.proactif.lu\/lu\/benoriichtegt-eis\/#primaryimage"},"image":{"@id":"https:\/\/www.proactif.lu\/lu\/benoriichtegt-eis\/#primaryimage"},"thumbnailUrl":"https:\/\/www.proactif.lu\/wp-content\/uploads\/2025\/05\/alert_v5-1200x622.png","datePublished":"2025-05-06T15:15:12+00:00","dateModified":"2025-05-16T13:15:41+00:00","breadcrumb":{"@id":"https:\/\/www.proactif.lu\/lu\/benoriichtegt-eis\/#breadcrumb"},"inLanguage":"lb-LU","potentialAction":[{"@type":"ReadAction","target":["https:\/\/www.proactif.lu\/lu\/benoriichtegt-eis\/"]}]},{"@type":"ImageObject","inLanguage":"lb-LU","@id":"https:\/\/www.proactif.lu\/lu\/benoriichtegt-eis\/#primaryimage","url":"https:\/\/www.proactif.lu\/wp-content\/uploads\/2025\/05\/alert_v5-1200x622.png","contentUrl":"https:\/\/www.proactif.lu\/wp-content\/uploads\/2025\/05\/alert_v5-1200x622.png"},{"@type":"BreadcrumbList","@id":"https:\/\/www.proactif.lu\/lu\/benoriichtegt-eis\/#breadcrumb","itemListElement":[{"@type":"ListItem","position":1,"name":"Accueil","item":"https:\/\/www.proactif.lu\/lu\/"},{"@type":"ListItem","position":2,"name":"Benoriichtegt eis!"}]},{"@type":"WebSite","@id":"https:\/\/www.proactif.lu\/lu\/#website","url":"https:\/\/www.proactif.lu\/lu\/","name":"ProActif","description":"R\u00e9insertion professionnelle et services de qualit\u00e9 au Luxembourg","publisher":{"@id":"https:\/\/www.proactif.lu\/lu\/#organization"},"potentialAction":[{"@type":"SearchAction","target":{"@type":"EntryPoint","urlTemplate":"https:\/\/www.proactif.lu\/lu\/?s={search_term_string}"},"query-input":{"@type":"PropertyValueSpecification","valueRequired":true,"valueName":"search_term_string"}}],"inLanguage":"lb-LU"},{"@type":"Organization","@id":"https:\/\/www.proactif.lu\/lu\/#organization","name":"ProActif","url":"https:\/\/www.proactif.lu\/lu\/","logo":{"@type":"ImageObject","inLanguage":"lb-LU","@id":"https:\/\/www.proactif.lu\/lu\/#\/schema\/logo\/image\/","url":"https:\/\/www.proactif.lu\/wp-content\/uploads\/2025\/02\/proactif-icon.svg","contentUrl":"https:\/\/www.proactif.lu\/wp-content\/uploads\/2025\/02\/proactif-icon.svg","caption":"ProActif"},"image":{"@id":"https:\/\/www.proactif.lu\/lu\/#\/schema\/logo\/image\/"}}]}},"_links":{"self":[{"href":"https:\/\/www.proactif.lu\/lu\/wp-json\/wp\/v2\/pages\/900","targetHints":{"allow":["GET"]}}],"collection":[{"href":"https:\/\/www.proactif.lu\/lu\/wp-json\/wp\/v2\/pages"}],"about":[{"href":"https:\/\/www.proactif.lu\/lu\/wp-json\/wp\/v2\/types\/page"}],"author":[{"embeddable":true,"href":"https:\/\/www.proactif.lu\/lu\/wp-json\/wp\/v2\/users\/1"}],"replies":[{"embeddable":true,"href":"https:\/\/www.proactif.lu\/lu\/wp-json\/wp\/v2\/comments?post=900"}],"version-history":[{"count":1,"href":"https:\/\/www.proactif.lu\/lu\/wp-json\/wp\/v2\/pages\/900\/revisions"}],"predecessor-version":[{"id":901,"href":"https:\/\/www.proactif.lu\/lu\/wp-json\/wp\/v2\/pages\/900\/revisions\/901"}],"wp:attachment":[{"href":"https:\/\/www.proactif.lu\/lu\/wp-json\/wp\/v2\/media?parent=900"}],"curies":[{"name":"wp","href":"https:\/\/api.w.org\/{rel}","templated":true}]}}